{"id":9833,"date":"2024-08-06T22:40:57","date_gmt":"2024-08-06T22:40:57","guid":{"rendered":"https:\/\/www.iscap.pt\/streeartcei\/?page_id=9833"},"modified":"2024-12-05T14:26:22","modified_gmt":"2024-12-05T14:26:22","slug":"godmess","status":"publish","type":"page","link":"https:\/\/streetartcei.com\/en\/rotas\/autores\/godmess\/","title":{"rendered":"Godmess"},"content":{"rendered":"<div data-elementor-type=\"wp-page\" data-elementor-id=\"9833\" class=\"elementor elementor-9833\" data-elementor-post-type=\"page\">\n\t\t\t\t<div class=\"elementor-element elementor-element-a886ce1 e-flex e-con-boxed e-con e-parent\" data-id=\"a886ce1\" data-element_type=\"container\" data-e-type=\"container\">\n\t\t\t\t\t<div class=\"e-con-inner\">\n\t\t\t\t<div class=\"elementor-element elementor-element-4f176f1 elementor-widget elementor-widget-html\" data-id=\"4f176f1\" data-element_type=\"widget\" data-e-type=\"widget\" data-widget_type=\"html.default\">\n\t\t\t\t<div class=\"elementor-widget-container\">\n\t\t\t\t\t<iframe src=\"https:\/\/www.google.com\/maps\/d\/u\/8\/embed?mid=1blpNP_mVr3wlWPkMdXStOwGPlyQ95xdZ&ehbc=2E312F\" width=\"640\" height=\"480\"><\/iframe>\t\t\t\t<\/div>\n\t\t\t\t<\/div>\n\t\t\t\t\t<\/div>\n\t\t\t\t<\/div>\n\t\t<div class=\"elementor-element elementor-element-728d4f2 e-flex e-con-boxed e-con e-parent\" data-id=\"728d4f2\" data-element_type=\"container\" data-e-type=\"container\">\n\t\t\t\t\t<div class=\"e-con-inner\">\n\t\t\t\t<div class=\"elementor-element elementor-element-5f65b6c elementor-widget elementor-widget-spacer\" data-id=\"5f65b6c\" data-element_type=\"widget\" data-e-type=\"widget\" data-widget_type=\"spacer.default\">\n\t\t\t\t<div class=\"elementor-widget-container\">\n\t\t\t\t\t\t\t<div class=\"elementor-spacer\">\n\t\t\t<div class=\"elementor-spacer-inner\"><\/div>\n\t\t<\/div>\n\t\t\t\t\t\t<\/div>\n\t\t\t\t<\/div>\n\t\t\t\t\t<\/div>\n\t\t\t\t<\/div>\n\t\t<div class=\"elementor-element elementor-element-9c14f50 e-grid e-con-boxed e-con e-parent\" data-id=\"9c14f50\" data-element_type=\"container\" data-e-type=\"container\">\n\t\t\t\t\t<div class=\"e-con-inner\">\n\t\t\t\t<div class=\"elementor-element elementor-element-f65c374 elementor-widget elementor-widget-heading\" data-id=\"f65c374\" data-element_type=\"widget\" data-e-type=\"widget\" data-widget_type=\"heading.default\">\n\t\t\t\t<div class=\"elementor-widget-container\">\n\t\t\t\t\t<h2 class=\"elementor-heading-title elementor-size-default\">Map 1<\/h2>\t\t\t\t<\/div>\n\t\t\t\t<\/div>\n\t\t\t\t<div class=\"elementor-element elementor-element-de79807 elementor-widget elementor-widget-heading\" data-id=\"de79807\" data-element_type=\"widget\" data-e-type=\"widget\" data-widget_type=\"heading.default\">\n\t\t\t\t<div class=\"elementor-widget-container\">\n\t\t\t\t\t<h2 class=\"elementor-heading-title elementor-size-default\">Map 2<\/h2>\t\t\t\t<\/div>\n\t\t\t\t<\/div>\n\t\t\t\t\t<\/div>\n\t\t\t\t<\/div>\n\t\t<div class=\"elementor-element elementor-element-8ede663 e-grid e-con-boxed e-con e-parent\" data-id=\"8ede663\" data-element_type=\"container\" data-e-type=\"container\">\n\t\t\t\t\t<div class=\"e-con-inner\">\n\t\t\t\t<div class=\"elementor-element elementor-element-fcbb931 elementor-grid-1 elementor-grid-tablet-2 elementor-grid-mobile-1 elementor-posts--thumbnail-top elementor-widget elementor-widget-posts\" data-id=\"fcbb931\" data-element_type=\"widget\" data-e-type=\"widget\" data-settings=\"{&quot;pagination_type&quot;:&quot;numbers&quot;,&quot;classic_columns&quot;:&quot;1&quot;,&quot;classic_columns_tablet&quot;:&quot;2&quot;,&quot;classic_columns_mobile&quot;:&quot;1&quot;,&quot;classic_row_gap&quot;:{&quot;unit&quot;:&quot;px&quot;,&quot;size&quot;:35,&quot;sizes&quot;:[]},&quot;classic_row_gap_tablet&quot;:{&quot;unit&quot;:&quot;px&quot;,&quot;size&quot;:&quot;&quot;,&quot;sizes&quot;:[]},&quot;classic_row_gap_mobile&quot;:{&quot;unit&quot;:&quot;px&quot;,&quot;size&quot;:&quot;&quot;,&quot;sizes&quot;:[]}}\" data-widget_type=\"posts.classic\">\n\t\t\t\t<div class=\"elementor-widget-container\">\n\t\t\t\t\t\t\t<div class=\"elementor-posts-container elementor-posts elementor-posts--skin-classic elementor-grid\" role=\"list\">\n\t\t\t\t<article class=\"elementor-post elementor-grid-item post-523 post type-post status-publish format-standard hentry category-godmess tag-mapa1\" role=\"listitem\">\n\t\t\t\t<div class=\"elementor-post__text\">\n\t\t\t\t<h3 class=\"elementor-post__title\">\n\t\t\t<a href=\"https:\/\/streetartcei.com\/en\/godmess-silo-auto\/\" target=\"&quot;_blank&quot;\">\n\t\t\t\tGodmess &#8211; Silo Auto\t\t\t<\/a>\n\t\t<\/h3>\n\t\t\t\t<\/div>\n\t\t\t\t<\/article>\n\t\t\t\t<article class=\"elementor-post elementor-grid-item post-524 post type-post status-publish format-standard hentry category-godmess tag-mapa1\" role=\"listitem\">\n\t\t\t\t<div class=\"elementor-post__text\">\n\t\t\t\t<h3 class=\"elementor-post__title\">\n\t\t\t<a href=\"https:\/\/streetartcei.com\/en\/godmess-rua-do-bonjardim\/\" target=\"&quot;_blank&quot;\">\n\t\t\t\tGodmess &#8211; Rua do Bonjardim\t\t\t<\/a>\n\t\t<\/h3>\n\t\t\t\t<\/div>\n\t\t\t\t<\/article>\n\t\t\t\t<article class=\"elementor-post elementor-grid-item post-525 post type-post status-publish format-standard hentry category-godmess tag-mapa1\" role=\"listitem\">\n\t\t\t\t<div class=\"elementor-post__text\">\n\t\t\t\t<h3 class=\"elementor-post__title\">\n\t\t\t<a href=\"https:\/\/streetartcei.com\/en\/godmess-rua-de-cedofeita\/\" target=\"&quot;_blank&quot;\">\n\t\t\t\tGodmess &#8211; Rua de Cedofeita\t\t\t<\/a>\n\t\t<\/h3>\n\t\t\t\t<\/div>\n\t\t\t\t<\/article>\n\t\t\t\t<article class=\"elementor-post elementor-grid-item post-526 post type-post status-publish format-standard hentry category-godmess tag-mapa1\" role=\"listitem\">\n\t\t\t\t<div class=\"elementor-post__text\">\n\t\t\t\t<h3 class=\"elementor-post__title\">\n\t\t\t<a href=\"https:\/\/streetartcei.com\/en\/godmess-rua-da-torrinha\/\" target=\"&quot;_blank&quot;\">\n\t\t\t\tGodmess &#8211; Rua da Torrinha\t\t\t<\/a>\n\t\t<\/h3>\n\t\t\t\t<\/div>\n\t\t\t\t<\/article>\n\t\t\t\t<article class=\"elementor-post elementor-grid-item post-527 post type-post status-publish format-standard hentry category-godmess tag-mapa1\" role=\"listitem\">\n\t\t\t\t<div class=\"elementor-post__text\">\n\t\t\t\t<h3 class=\"elementor-post__title\">\n\t\t\t<a href=\"https:\/\/streetartcei.com\/en\/godmess-rua-de-miguel-bombarda\/\" target=\"&quot;_blank&quot;\">\n\t\t\t\tGodmess &#8211; Rua de Miguel Bombarda\t\t\t<\/a>\n\t\t<\/h3>\n\t\t\t\t<\/div>\n\t\t\t\t<\/article>\n\t\t\t\t<article class=\"elementor-post elementor-grid-item post-528 post type-post status-publish format-standard hentry category-godmess tag-mapa1\" role=\"listitem\">\n\t\t\t\t<div class=\"elementor-post__text\">\n\t\t\t\t<h3 class=\"elementor-post__title\">\n\t\t\t<a href=\"https:\/\/streetartcei.com\/en\/godmess-rua-das-oliveiras\/\" target=\"&quot;_blank&quot;\">\n\t\t\t\tGodmess &#8211; Rua das Oliveiras\t\t\t<\/a>\n\t\t<\/h3>\n\t\t\t\t<\/div>\n\t\t\t\t<\/article>\n\t\t\t\t<article class=\"elementor-post elementor-grid-item post-529 post type-post status-publish format-standard hentry category-godmess tag-mapa1\" role=\"listitem\">\n\t\t\t\t<div class=\"elementor-post__text\">\n\t\t\t\t<h3 class=\"elementor-post__title\">\n\t\t\t<a href=\"https:\/\/streetartcei.com\/en\/godmess-travessa-de-cedofeita\/\" target=\"&quot;_blank&quot;\">\n\t\t\t\tGodmess &#8211; Travessa de Cedofeita\t\t\t<\/a>\n\t\t<\/h3>\n\t\t\t\t<\/div>\n\t\t\t\t<\/article>\n\t\t\t\t<article class=\"elementor-post elementor-grid-item post-530 post type-post status-publish format-standard hentry category-godmess tag-mapa1\" role=\"listitem\">\n\t\t\t\t<div class=\"elementor-post__text\">\n\t\t\t\t<h3 class=\"elementor-post__title\">\n\t\t\t<a href=\"https:\/\/streetartcei.com\/en\/godmess-rua-do-mirante\/\" target=\"&quot;_blank&quot;\">\n\t\t\t\tGodmess &#8211; Rua do Mirante\t\t\t<\/a>\n\t\t<\/h3>\n\t\t\t\t<\/div>\n\t\t\t\t<\/article>\n\t\t\t\t<\/div>\n\t\t\n\t\t\t\t\t\t<\/div>\n\t\t\t\t<\/div>\n\t\t\t\t<div class=\"elementor-element elementor-element-daea047 elementor-grid-1 elementor-grid-tablet-2 elementor-grid-mobile-1 elementor-posts--thumbnail-top elementor-widget elementor-widget-posts\" data-id=\"daea047\" data-element_type=\"widget\" data-e-type=\"widget\" data-settings=\"{&quot;pagination_type&quot;:&quot;numbers&quot;,&quot;classic_columns&quot;:&quot;1&quot;,&quot;classic_columns_tablet&quot;:&quot;2&quot;,&quot;classic_columns_mobile&quot;:&quot;1&quot;,&quot;classic_row_gap&quot;:{&quot;unit&quot;:&quot;px&quot;,&quot;size&quot;:35,&quot;sizes&quot;:[]},&quot;classic_row_gap_tablet&quot;:{&quot;unit&quot;:&quot;px&quot;,&quot;size&quot;:&quot;&quot;,&quot;sizes&quot;:[]},&quot;classic_row_gap_mobile&quot;:{&quot;unit&quot;:&quot;px&quot;,&quot;size&quot;:&quot;&quot;,&quot;sizes&quot;:[]}}\" data-widget_type=\"posts.classic\">\n\t\t\t\t<div class=\"elementor-widget-container\">\n\t\t\t\t\t\t\t<div class=\"elementor-posts-container elementor-posts elementor-posts--skin-classic elementor-grid\" role=\"list\">\n\t\t\t\t<article class=\"elementor-post elementor-grid-item post-531 post type-post status-publish format-standard hentry category-godmess tag-mapa2\" role=\"listitem\">\n\t\t\t\t<div class=\"elementor-post__text\">\n\t\t\t\t<h3 class=\"elementor-post__title\">\n\t\t\t<a href=\"https:\/\/streetartcei.com\/en\/godmess-travessa-de-sao-marcos\/\" target=\"&quot;_blank&quot;\">\n\t\t\t\tGodmess &#8211; Travessa de S\u00e3o Marcos\t\t\t<\/a>\n\t\t<\/h3>\n\t\t\t\t<\/div>\n\t\t\t\t<\/article>\n\t\t\t\t<article class=\"elementor-post elementor-grid-item post-532 post type-post status-publish format-standard hentry category-godmess tag-mapa2\" role=\"listitem\">\n\t\t\t\t<div class=\"elementor-post__text\">\n\t\t\t\t<h3 class=\"elementor-post__title\">\n\t\t\t<a href=\"https:\/\/streetartcei.com\/en\/godmess-rua-de-santa-catarina\/\" target=\"&quot;_blank&quot;\">\n\t\t\t\tGodmess &#8211; Rua de Santa Catarina\t\t\t<\/a>\n\t\t<\/h3>\n\t\t\t\t<\/div>\n\t\t\t\t<\/article>\n\t\t\t\t<article class=\"elementor-post elementor-grid-item post-533 post type-post status-publish format-standard hentry category-godmess tag-mapa2\" role=\"listitem\">\n\t\t\t\t<div class=\"elementor-post__text\">\n\t\t\t\t<h3 class=\"elementor-post__title\">\n\t\t\t<a href=\"https:\/\/streetartcei.com\/en\/godmess-rua-de-antonio-pedro\/\" target=\"&quot;_blank&quot;\">\n\t\t\t\tGodmess &#8211; Rua de Ant\u00f3nio Pedro\t\t\t<\/a>\n\t\t<\/h3>\n\t\t\t\t<\/div>\n\t\t\t\t<\/article>\n\t\t\t\t<article class=\"elementor-post elementor-grid-item post-534 post type-post status-publish format-standard hentry category-godmess tag-mapa2\" role=\"listitem\">\n\t\t\t\t<div class=\"elementor-post__text\">\n\t\t\t\t<h3 class=\"elementor-post__title\">\n\t\t\t<a href=\"https:\/\/streetartcei.com\/en\/godmess-rua-dr-antonio-emilio-de-magalhaes\/\" target=\"&quot;_blank&quot;\">\n\t\t\t\tGodmess &#8211; Rua Dr. Ant\u00f3nio Em\u00edlio de Magalh\u00e3es\t\t\t<\/a>\n\t\t<\/h3>\n\t\t\t\t<\/div>\n\t\t\t\t<\/article>\n\t\t\t\t<article class=\"elementor-post elementor-grid-item post-535 post type-post status-publish format-standard hentry category-godmess tag-mapa2\" role=\"listitem\">\n\t\t\t\t<div class=\"elementor-post__text\">\n\t\t\t\t<h3 class=\"elementor-post__title\">\n\t\t\t<a href=\"https:\/\/streetartcei.com\/en\/godmess-rua-de-sampaio-bruno\/\" target=\"&quot;_blank&quot;\">\n\t\t\t\tGodmess &#8211; Rua de Sampaio Bruno\t\t\t<\/a>\n\t\t<\/h3>\n\t\t\t\t<\/div>\n\t\t\t\t<\/article>\n\t\t\t\t<article class=\"elementor-post elementor-grid-item post-536 post type-post status-publish format-standard hentry category-godmess tag-mapa2\" role=\"listitem\">\n\t\t\t\t<div class=\"elementor-post__text\">\n\t\t\t\t<h3 class=\"elementor-post__title\">\n\t\t\t<a href=\"https:\/\/streetartcei.com\/en\/godmess-rua-da-madeira\/\" target=\"&quot;_blank&quot;\">\n\t\t\t\tGodmess &#8211; Rua da Madeira\t\t\t<\/a>\n\t\t<\/h3>\n\t\t\t\t<\/div>\n\t\t\t\t<\/article>\n\t\t\t\t<article class=\"elementor-post elementor-grid-item post-537 post type-post status-publish format-standard hentry category-godmess tag-mapa2\" role=\"listitem\">\n\t\t\t\t<div class=\"elementor-post__text\">\n\t\t\t\t<h3 class=\"elementor-post__title\">\n\t\t\t<a href=\"https:\/\/streetartcei.com\/en\/godmess-rua-de-entreparedes\/\" target=\"&quot;_blank&quot;\">\n\t\t\t\tGodmess &#8211; Rua de Entreparedes\t\t\t<\/a>\n\t\t<\/h3>\n\t\t\t\t<\/div>\n\t\t\t\t<\/article>\n\t\t\t\t<article class=\"elementor-post elementor-grid-item post-538 post type-post status-publish format-standard hentry category-godmess tag-mapa2\" role=\"listitem\">\n\t\t\t\t<div class=\"elementor-post__text\">\n\t\t\t\t<h3 class=\"elementor-post__title\">\n\t\t\t<a href=\"https:\/\/streetartcei.com\/en\/godmess-praca-dos-poveiros\/\" target=\"&quot;_blank&quot;\">\n\t\t\t\tGodmess &#8211; Pra\u00e7a dos Poveiros\t\t\t<\/a>\n\t\t<\/h3>\n\t\t\t\t<\/div>\n\t\t\t\t<\/article>\n\t\t\t\t<article class=\"elementor-post elementor-grid-item post-539 post type-post status-publish format-standard hentry category-godmess tag-mapa2\" role=\"listitem\">\n\t\t\t\t<div class=\"elementor-post__text\">\n\t\t\t\t<h3 class=\"elementor-post__title\">\n\t\t\t<a href=\"https:\/\/streetartcei.com\/en\/godmess-largo-ramadinha\/\" target=\"&quot;_blank&quot;\">\n\t\t\t\tGodmess &#8211; Largo Ramadinha\t\t\t<\/a>\n\t\t<\/h3>\n\t\t\t\t<\/div>\n\t\t\t\t<\/article>\n\t\t\t\t<article class=\"elementor-post elementor-grid-item post-540 post type-post status-publish format-standard hentry category-godmess tag-mapa2\" role=\"listitem\">\n\t\t\t\t<div class=\"elementor-post__text\">\n\t\t\t\t<h3 class=\"elementor-post__title\">\n\t\t\t<a href=\"https:\/\/streetartcei.com\/en\/godmess-beco-passos-manuel\/\" target=\"&quot;_blank&quot;\">\n\t\t\t\tGodmess &#8211; Beco de Passos Manuel\t\t\t<\/a>\n\t\t<\/h3>\n\t\t\t\t<\/div>\n\t\t\t\t<\/article>\n\t\t\t\t<\/div>\n\t\t\n\t\t\t\t\t\t<\/div>\n\t\t\t\t<\/div>\n\t\t\t\t\t<\/div>\n\t\t\t\t<\/div>\n\t\t<div class=\"elementor-element elementor-element-6c417cc e-grid e-con-boxed e-con e-parent\" data-id=\"6c417cc\" data-element_type=\"container\" data-e-type=\"container\">\n\t\t\t\t\t<div class=\"e-con-inner\">\n\t\t\t\t<div class=\"elementor-element elementor-element-5b5b9b3 elementor-widget elementor-widget-heading\" data-id=\"5b5b9b3\" data-element_type=\"widget\" data-e-type=\"widget\" data-widget_type=\"heading.default\">\n\t\t\t\t<div class=\"elementor-widget-container\">\n\t\t\t\t\t<h2 class=\"elementor-heading-title elementor-size-default\">Map 3<\/h2>\t\t\t\t<\/div>\n\t\t\t\t<\/div>\n\t\t\t\t<div class=\"elementor-element elementor-element-ea34c5b elementor-widget elementor-widget-heading\" data-id=\"ea34c5b\" data-element_type=\"widget\" data-e-type=\"widget\" data-widget_type=\"heading.default\">\n\t\t\t\t<div class=\"elementor-widget-container\">\n\t\t\t\t\t<h2 class=\"elementor-heading-title elementor-size-default\">Map 4<\/h2>\t\t\t\t<\/div>\n\t\t\t\t<\/div>\n\t\t\t\t\t<\/div>\n\t\t\t\t<\/div>\n\t\t<div class=\"elementor-element elementor-element-413e9a4 e-grid e-con-boxed e-con e-parent\" data-id=\"413e9a4\" data-element_type=\"container\" data-e-type=\"container\">\n\t\t\t\t\t<div class=\"e-con-inner\">\n\t\t\t\t<div class=\"elementor-element elementor-element-f7ed0d1 elementor-grid-1 elementor-grid-tablet-2 elementor-grid-mobile-1 elementor-posts--thumbnail-top elementor-widget elementor-widget-posts\" data-id=\"f7ed0d1\" data-element_type=\"widget\" data-e-type=\"widget\" data-settings=\"{&quot;pagination_type&quot;:&quot;numbers&quot;,&quot;classic_columns&quot;:&quot;1&quot;,&quot;classic_columns_tablet&quot;:&quot;2&quot;,&quot;classic_columns_mobile&quot;:&quot;1&quot;,&quot;classic_row_gap&quot;:{&quot;unit&quot;:&quot;px&quot;,&quot;size&quot;:35,&quot;sizes&quot;:[]},&quot;classic_row_gap_tablet&quot;:{&quot;unit&quot;:&quot;px&quot;,&quot;size&quot;:&quot;&quot;,&quot;sizes&quot;:[]},&quot;classic_row_gap_mobile&quot;:{&quot;unit&quot;:&quot;px&quot;,&quot;size&quot;:&quot;&quot;,&quot;sizes&quot;:[]}}\" data-widget_type=\"posts.classic\">\n\t\t\t\t<div class=\"elementor-widget-container\">\n\t\t\t\t\t\t\t<div class=\"elementor-posts-container elementor-posts elementor-posts--skin-classic elementor-grid\" role=\"list\">\n\t\t\t\t<article class=\"elementor-post elementor-grid-item post-541 post type-post status-publish format-standard hentry category-godmess tag-mapa3\" role=\"listitem\">\n\t\t\t\t<div class=\"elementor-post__text\">\n\t\t\t\t<h3 class=\"elementor-post__title\">\n\t\t\t<a href=\"https:\/\/streetartcei.com\/en\/godmess-rua-de-sao-joao\/\" target=\"&quot;_blank&quot;\">\n\t\t\t\tGodmess &#8211; Rua de S\u00e3o Jo\u00e3o\t\t\t<\/a>\n\t\t<\/h3>\n\t\t\t\t<\/div>\n\t\t\t\t<\/article>\n\t\t\t\t<article class=\"elementor-post elementor-grid-item post-542 post type-post status-publish format-standard hentry category-godmess tag-mapa3\" role=\"listitem\">\n\t\t\t\t<div class=\"elementor-post__text\">\n\t\t\t\t<h3 class=\"elementor-post__title\">\n\t\t\t<a href=\"https:\/\/streetartcei.com\/en\/godmess-rua-das-flores\/\" target=\"&quot;_blank&quot;\">\n\t\t\t\tGodmess &#8211; Rua das Flores\t\t\t<\/a>\n\t\t<\/h3>\n\t\t\t\t<\/div>\n\t\t\t\t<\/article>\n\t\t\t\t<article class=\"elementor-post elementor-grid-item post-543 post type-post status-publish format-standard hentry category-godmess tag-mapa3\" role=\"listitem\">\n\t\t\t\t<div class=\"elementor-post__text\">\n\t\t\t\t<h3 class=\"elementor-post__title\">\n\t\t\t<a href=\"https:\/\/streetartcei.com\/en\/godmess-rua-trindade-coelho\/\" target=\"&quot;_blank&quot;\">\n\t\t\t\tGodmess &#8211; Rua Trindade Coelho\t\t\t<\/a>\n\t\t<\/h3>\n\t\t\t\t<\/div>\n\t\t\t\t<\/article>\n\t\t\t\t<article class=\"elementor-post elementor-grid-item post-544 post type-post status-publish format-standard hentry category-godmess tag-mapa3\" role=\"listitem\">\n\t\t\t\t<div class=\"elementor-post__text\">\n\t\t\t\t<h3 class=\"elementor-post__title\">\n\t\t\t<a href=\"https:\/\/streetartcei.com\/en\/godmess-avenida-vimara-peres\/\" target=\"&quot;_blank&quot;\">\n\t\t\t\tGodmess &#8211; Avenida Vimara Peres\t\t\t<\/a>\n\t\t<\/h3>\n\t\t\t\t<\/div>\n\t\t\t\t<\/article>\n\t\t\t\t<article class=\"elementor-post elementor-grid-item post-545 post type-post status-publish format-standard hentry category-godmess tag-mapa3\" role=\"listitem\">\n\t\t\t\t<div class=\"elementor-post__text\">\n\t\t\t\t<h3 class=\"elementor-post__title\">\n\t\t\t<a href=\"https:\/\/streetartcei.com\/en\/godmess-rua-cha\/\" target=\"&quot;_blank&quot;\">\n\t\t\t\tGodmess &#8211; Rua Ch\u00e3\t\t\t<\/a>\n\t\t<\/h3>\n\t\t\t\t<\/div>\n\t\t\t\t<\/article>\n\t\t\t\t<article class=\"elementor-post elementor-grid-item post-546 post type-post status-publish format-standard hentry category-godmess tag-mapa3\" role=\"listitem\">\n\t\t\t\t<div class=\"elementor-post__text\">\n\t\t\t\t<h3 class=\"elementor-post__title\">\n\t\t\t<a href=\"https:\/\/streetartcei.com\/en\/godmess-passeio-das-fontainhas\/\" target=\"&quot;_blank&quot;\">\n\t\t\t\tGodmess &#8211; Passeio das Fonta\u00ednhas\t\t\t<\/a>\n\t\t<\/h3>\n\t\t\t\t<\/div>\n\t\t\t\t<\/article>\n\t\t\t\t<\/div>\n\t\t\n\t\t\t\t\t\t<\/div>\n\t\t\t\t<\/div>\n\t\t\t\t<div class=\"elementor-element elementor-element-781ca40 elementor-grid-1 elementor-grid-tablet-2 elementor-grid-mobile-1 elementor-posts--thumbnail-top elementor-widget elementor-widget-posts\" data-id=\"781ca40\" data-element_type=\"widget\" data-e-type=\"widget\" data-settings=\"{&quot;pagination_type&quot;:&quot;numbers&quot;,&quot;classic_columns&quot;:&quot;1&quot;,&quot;classic_columns_tablet&quot;:&quot;2&quot;,&quot;classic_columns_mobile&quot;:&quot;1&quot;,&quot;classic_row_gap&quot;:{&quot;unit&quot;:&quot;px&quot;,&quot;size&quot;:35,&quot;sizes&quot;:[]},&quot;classic_row_gap_tablet&quot;:{&quot;unit&quot;:&quot;px&quot;,&quot;size&quot;:&quot;&quot;,&quot;sizes&quot;:[]},&quot;classic_row_gap_mobile&quot;:{&quot;unit&quot;:&quot;px&quot;,&quot;size&quot;:&quot;&quot;,&quot;sizes&quot;:[]}}\" data-widget_type=\"posts.classic\">\n\t\t\t\t<div class=\"elementor-widget-container\">\n\t\t\t\t\t\t\t<div class=\"elementor-posts-container elementor-posts elementor-posts--skin-classic elementor-grid\" role=\"list\">\n\t\t\t\t<article class=\"elementor-post elementor-grid-item post-547 post type-post status-publish format-standard hentry category-godmess tag-mapa4\" role=\"listitem\">\n\t\t\t\t<div class=\"elementor-post__text\">\n\t\t\t\t<h3 class=\"elementor-post__title\">\n\t\t\t<a href=\"https:\/\/streetartcei.com\/en\/godmess-rotunda-da-boavista\/\" target=\"&quot;_blank&quot;\">\n\t\t\t\tGodmess &#8211; Rotunda da Boavista\t\t\t<\/a>\n\t\t<\/h3>\n\t\t\t\t<\/div>\n\t\t\t\t<\/article>\n\t\t\t\t<article class=\"elementor-post elementor-grid-item post-548 post type-post status-publish format-standard hentry category-godmess tag-mapa4\" role=\"listitem\">\n\t\t\t\t<div class=\"elementor-post__text\">\n\t\t\t\t<h3 class=\"elementor-post__title\">\n\t\t\t<a href=\"https:\/\/streetartcei.com\/en\/godmess-avenida-de-sidonio-pais\/\" target=\"&quot;_blank&quot;\">\n\t\t\t\tGodmess &#8211; Avenida de Sid\u00f3nio Pais\t\t\t<\/a>\n\t\t<\/h3>\n\t\t\t\t<\/div>\n\t\t\t\t<\/article>\n\t\t\t\t<article class=\"elementor-post elementor-grid-item post-549 post type-post status-publish format-standard hentry category-godmess tag-mapa4\" role=\"listitem\">\n\t\t\t\t<div class=\"elementor-post__text\">\n\t\t\t\t<h3 class=\"elementor-post__title\">\n\t\t\t<a href=\"https:\/\/streetartcei.com\/en\/godmess-rua-sport-clube-da-senhora-da-hora\/\" target=\"&quot;_blank&quot;\">\n\t\t\t\tGodmess &#8211; Rua Sport Clube da Senhora da Hora\t\t\t<\/a>\n\t\t<\/h3>\n\t\t\t\t<\/div>\n\t\t\t\t<\/article>\n\t\t\t\t<article class=\"elementor-post elementor-grid-item post-550 post type-post status-publish format-standard hentry category-godmess tag-mapa4\" role=\"listitem\">\n\t\t\t\t<div class=\"elementor-post__text\">\n\t\t\t\t<h3 class=\"elementor-post__title\">\n\t\t\t<a href=\"https:\/\/streetartcei.com\/en\/godmess-escola-secundaria-augusto-gomes\/\" target=\"&quot;_blank&quot;\">\n\t\t\t\tGodmess &#8211; Escola Secund\u00e1ria Augusto Gomes\t\t\t<\/a>\n\t\t<\/h3>\n\t\t\t\t<\/div>\n\t\t\t\t<\/article>\n\t\t\t\t<article class=\"elementor-post elementor-grid-item post-551 post type-post status-publish format-standard hentry category-godmess tag-mapa4\" role=\"listitem\">\n\t\t\t\t<div class=\"elementor-post__text\">\n\t\t\t\t<h3 class=\"elementor-post__title\">\n\t\t\t<a href=\"https:\/\/streetartcei.com\/en\/godmess-forum-maia\/\" target=\"&quot;_blank&quot;\">\n\t\t\t\tGodmess &#8211; F\u00f3rum Maia\t\t\t<\/a>\n\t\t<\/h3>\n\t\t\t\t<\/div>\n\t\t\t\t<\/article>\n\t\t\t\t<\/div>\n\t\t\n\t\t\t\t\t\t<\/div>\n\t\t\t\t<\/div>\n\t\t\t\t\t<\/div>\n\t\t\t\t<\/div>\n\t\t\t\t<\/div>","protected":false},"excerpt":{"rendered":"<p>Mapa 1 Mapa 2 Mapa 3 Mapa 4<\/p>","protected":false},"author":1,"featured_media":0,"parent":9812,"menu_order":0,"comment_status":"closed","ping_status":"closed","template":"","meta":{"_monsterinsights_skip_tracking":false,"_monsterinsights_sitenote_active":false,"_monsterinsights_sitenote_note":"","_monsterinsights_sitenote_category":0,"footnotes":""},"class_list":["post-9833","page","type-page","status-publish","hentry"],"jetpack_sharing_enabled":true,"_links":{"self":[{"href":"https:\/\/streetartcei.com\/en\/wp-json\/wp\/v2\/pages\/9833","targetHints":{"allow":["GET"]}}],"collection":[{"href":"https:\/\/streetartcei.com\/en\/wp-json\/wp\/v2\/pages"}],"about":[{"href":"https:\/\/streetartcei.com\/en\/wp-json\/wp\/v2\/types\/page"}],"author":[{"embeddable":true,"href":"https:\/\/streetartcei.com\/en\/wp-json\/wp\/v2\/users\/1"}],"replies":[{"embeddable":true,"href":"https:\/\/streetartcei.com\/en\/wp-json\/wp\/v2\/comments?post=9833"}],"version-history":[{"count":16,"href":"https:\/\/streetartcei.com\/en\/wp-json\/wp\/v2\/pages\/9833\/revisions"}],"predecessor-version":[{"id":16625,"href":"https:\/\/streetartcei.com\/en\/wp-json\/wp\/v2\/pages\/9833\/revisions\/16625"}],"up":[{"embeddable":true,"href":"https:\/\/streetartcei.com\/en\/wp-json\/wp\/v2\/pages\/9812"}],"wp:attachment":[{"href":"https:\/\/streetartcei.com\/en\/wp-json\/wp\/v2\/media?parent=9833"}],"curies":[{"name":"wp","href":"https:\/\/api.w.org\/{rel}","templated":true}]}}