{"id":9685,"date":"2024-08-06T15:53:29","date_gmt":"2024-08-06T15:53:29","guid":{"rendered":"https:\/\/www.iscap.pt\/streeartcei\/?page_id=9685"},"modified":"2024-11-20T13:27:40","modified_gmt":"2024-11-20T13:27:40","slug":"rota-gaia","status":"publish","type":"page","link":"https:\/\/streetartcei.com\/en\/rotas\/grande-porto-2\/rota-gaia\/","title":{"rendered":"Vila Nova de Gaia Route"},"content":{"rendered":"<div data-elementor-type=\"wp-page\" data-elementor-id=\"9685\" class=\"elementor elementor-9685\" data-elementor-post-type=\"page\">\n\t\t\t\t<div class=\"elementor-element elementor-element-f974997 e-flex e-con-boxed e-con e-parent\" data-id=\"f974997\" data-element_type=\"container\" data-e-type=\"container\">\n\t\t\t\t\t<div class=\"e-con-inner\">\n\t\t\t\t<div class=\"elementor-element elementor-element-b1555fb elementor-widget elementor-widget-html\" data-id=\"b1555fb\" data-element_type=\"widget\" data-e-type=\"widget\" data-widget_type=\"html.default\">\n\t\t\t\t<div class=\"elementor-widget-container\">\n\t\t\t\t\t<iframe src=\"https:\/\/www.google.com\/maps\/d\/embed?mid=1FvKaz01ODLV9S8Iw82f6BJqMj9fCi5Ya&ehbc=2E312F\" width=\"640\" height=\"480\"><\/iframe>\t\t\t\t<\/div>\n\t\t\t\t<\/div>\n\t\t\t\t\t<\/div>\n\t\t\t\t<\/div>\n\t\t<div class=\"elementor-element elementor-element-62a6e85 e-flex e-con-boxed e-con e-parent\" data-id=\"62a6e85\" data-element_type=\"container\" data-e-type=\"container\">\n\t\t\t\t\t<div class=\"e-con-inner\">\n\t\t\t\t<div class=\"elementor-element elementor-element-56531d0 elementor-widget elementor-widget-spacer\" data-id=\"56531d0\" data-element_type=\"widget\" data-e-type=\"widget\" data-widget_type=\"spacer.default\">\n\t\t\t\t<div class=\"elementor-widget-container\">\n\t\t\t\t\t\t\t<div class=\"elementor-spacer\">\n\t\t\t<div class=\"elementor-spacer-inner\"><\/div>\n\t\t<\/div>\n\t\t\t\t\t\t<\/div>\n\t\t\t\t<\/div>\n\t\t\t\t\t<\/div>\n\t\t\t\t<\/div>\n\t\t<div class=\"elementor-element elementor-element-8b32449 e-grid e-con-boxed e-con e-parent\" data-id=\"8b32449\" data-element_type=\"container\" data-e-type=\"container\">\n\t\t\t\t\t<div class=\"e-con-inner\">\n\t\t\t\t<div class=\"elementor-element elementor-element-b961c16 elementor-widget elementor-widget-heading\" data-id=\"b961c16\" data-element_type=\"widget\" data-e-type=\"widget\" data-widget_type=\"heading.default\">\n\t\t\t\t<div class=\"elementor-widget-container\">\n\t\t\t\t\t<h2 class=\"elementor-heading-title elementor-size-default\">Map 1<\/h2>\t\t\t\t<\/div>\n\t\t\t\t<\/div>\n\t\t\t\t<div class=\"elementor-element elementor-element-9abcd72 elementor-widget elementor-widget-heading\" data-id=\"9abcd72\" data-element_type=\"widget\" data-e-type=\"widget\" data-widget_type=\"heading.default\">\n\t\t\t\t<div class=\"elementor-widget-container\">\n\t\t\t\t\t<h2 class=\"elementor-heading-title elementor-size-default\">Map 2<\/h2>\t\t\t\t<\/div>\n\t\t\t\t<\/div>\n\t\t\t\t<div class=\"elementor-element elementor-element-0e857df elementor-widget elementor-widget-heading\" data-id=\"0e857df\" data-element_type=\"widget\" data-e-type=\"widget\" data-widget_type=\"heading.default\">\n\t\t\t\t<div class=\"elementor-widget-container\">\n\t\t\t\t\t<h2 class=\"elementor-heading-title elementor-size-default\">Map 3<\/h2>\t\t\t\t<\/div>\n\t\t\t\t<\/div>\n\t\t\t\t\t<\/div>\n\t\t\t\t<\/div>\n\t\t<div class=\"elementor-element elementor-element-715734c e-grid e-con-boxed e-con e-parent\" data-id=\"715734c\" data-element_type=\"container\" data-e-type=\"container\">\n\t\t\t\t\t<div class=\"e-con-inner\">\n\t\t\t\t<div class=\"elementor-element elementor-element-fcbb931 elementor-grid-1 elementor-grid-tablet-2 elementor-grid-mobile-1 elementor-posts--thumbnail-top elementor-widget elementor-widget-posts\" data-id=\"fcbb931\" data-element_type=\"widget\" data-e-type=\"widget\" data-settings=\"{&quot;pagination_type&quot;:&quot;numbers&quot;,&quot;classic_columns&quot;:&quot;1&quot;,&quot;classic_columns_tablet&quot;:&quot;2&quot;,&quot;classic_columns_mobile&quot;:&quot;1&quot;,&quot;classic_row_gap&quot;:{&quot;unit&quot;:&quot;px&quot;,&quot;size&quot;:35,&quot;sizes&quot;:[]},&quot;classic_row_gap_tablet&quot;:{&quot;unit&quot;:&quot;px&quot;,&quot;size&quot;:&quot;&quot;,&quot;sizes&quot;:[]},&quot;classic_row_gap_mobile&quot;:{&quot;unit&quot;:&quot;px&quot;,&quot;size&quot;:&quot;&quot;,&quot;sizes&quot;:[]}}\" data-widget_type=\"posts.classic\">\n\t\t\t\t<div class=\"elementor-widget-container\">\n\t\t\t\t\t\t\t<div class=\"elementor-posts-container elementor-posts elementor-posts--skin-classic elementor-grid\" role=\"list\">\n\t\t\t\t<article class=\"elementor-post elementor-grid-item post-933 post type-post status-publish format-standard hentry category-rota-de-vila-nova-de-gaia tag-mapa1\" role=\"listitem\">\n\t\t\t\t<div class=\"elementor-post__text\">\n\t\t\t\t<h3 class=\"elementor-post__title\">\n\t\t\t<a href=\"https:\/\/streetartcei.com\/en\/rota-de-vila-nova-de-gaia-avenida-da-republica\/\" target=\"&quot;_blank&quot;\">\n\t\t\t\tAvenida da Rep\u00fablica\t\t\t<\/a>\n\t\t<\/h3>\n\t\t\t\t<\/div>\n\t\t\t\t<\/article>\n\t\t\t\t<article class=\"elementor-post elementor-grid-item post-927 post type-post status-publish format-standard hentry category-rota-de-vila-nova-de-gaia tag-mapa1\" role=\"listitem\">\n\t\t\t\t<div class=\"elementor-post__text\">\n\t\t\t\t<h3 class=\"elementor-post__title\">\n\t\t\t<a href=\"https:\/\/streetartcei.com\/en\/rota-de-vila-nova-de-gaia-estacao-ferroviaria-de-general-torres\/\" target=\"&quot;_blank&quot;\">\n\t\t\t\tEsta\u00e7\u00e3o Ferrovi\u00e1ria de General Torres\t\t\t<\/a>\n\t\t<\/h3>\n\t\t\t\t<\/div>\n\t\t\t\t<\/article>\n\t\t\t\t<article class=\"elementor-post elementor-grid-item post-932 post type-post status-publish format-standard hentry category-rota-de-vila-nova-de-gaia tag-mapa1\" role=\"listitem\">\n\t\t\t\t<div class=\"elementor-post__text\">\n\t\t\t\t<h3 class=\"elementor-post__title\">\n\t\t\t<a href=\"https:\/\/streetartcei.com\/en\/rota-de-vila-nova-de-gaia-rua-joao-de-deus\/\" target=\"&quot;_blank&quot;\">\n\t\t\t\tRua Jo\u00e3o de Deus\t\t\t<\/a>\n\t\t<\/h3>\n\t\t\t\t<\/div>\n\t\t\t\t<\/article>\n\t\t\t\t<article class=\"elementor-post elementor-grid-item post-934 post type-post status-publish format-standard hentry category-rota-de-vila-nova-de-gaia tag-mapa1\" role=\"listitem\">\n\t\t\t\t<div class=\"elementor-post__text\">\n\t\t\t\t<h3 class=\"elementor-post__title\">\n\t\t\t<a href=\"https:\/\/streetartcei.com\/en\/rota-de-vila-nova-de-gaia-rua-dom-pedro-v\/\" target=\"&quot;_blank&quot;\">\n\t\t\t\tRua Dom Pedro V\t\t\t<\/a>\n\t\t<\/h3>\n\t\t\t\t<\/div>\n\t\t\t\t<\/article>\n\t\t\t\t<article class=\"elementor-post elementor-grid-item post-1068 post type-post status-publish format-standard hentry category-rota-de-vila-nova-de-gaia tag-mapa1\" role=\"listitem\">\n\t\t\t\t<div class=\"elementor-post__text\">\n\t\t\t\t<h3 class=\"elementor-post__title\">\n\t\t\t<a href=\"https:\/\/streetartcei.com\/en\/rota-de-vila-nova-de-gaia-hospital-santos-silva\/\" target=\"&quot;_blank&quot;\">\n\t\t\t\tHospital Santos Silva\t\t\t<\/a>\n\t\t<\/h3>\n\t\t\t\t<\/div>\n\t\t\t\t<\/article>\n\t\t\t\t<article class=\"elementor-post elementor-grid-item post-931 post type-post status-publish format-standard hentry category-rota-de-vila-nova-de-gaia tag-mapa1\" role=\"listitem\">\n\t\t\t\t<div class=\"elementor-post__text\">\n\t\t\t\t<h3 class=\"elementor-post__title\">\n\t\t\t<a href=\"https:\/\/streetartcei.com\/en\/rota-de-vila-nova-de-gaia-rua-dom-henrique-de-cernache\/\" target=\"&quot;_blank&quot;\">\n\t\t\t\tRua Dom Henrique de Cernache\t\t\t<\/a>\n\t\t<\/h3>\n\t\t\t\t<\/div>\n\t\t\t\t<\/article>\n\t\t\t\t<article class=\"elementor-post elementor-grid-item post-928 post type-post status-publish format-standard hentry category-rota-de-vila-nova-de-gaia tag-mapa1\" role=\"listitem\">\n\t\t\t\t<div class=\"elementor-post__text\">\n\t\t\t\t<h3 class=\"elementor-post__title\">\n\t\t\t<a href=\"https:\/\/streetartcei.com\/en\/rota-de-vila-nova-de-gaia-estacao-ferroviaria-das-devesas-e-rua-de-serpa-pinto\/\" target=\"&quot;_blank&quot;\">\n\t\t\t\tEsta\u00e7\u00e3o Ferrovi\u00e1ria das Devesas e Rua de Serpa Pinto\t\t\t<\/a>\n\t\t<\/h3>\n\t\t\t\t<\/div>\n\t\t\t\t<\/article>\n\t\t\t\t<article class=\"elementor-post elementor-grid-item post-930 post type-post status-publish format-standard hentry category-rota-de-vila-nova-de-gaia tag-mapa1\" role=\"listitem\">\n\t\t\t\t<div class=\"elementor-post__text\">\n\t\t\t\t<h3 class=\"elementor-post__title\">\n\t\t\t<a href=\"https:\/\/streetartcei.com\/en\/rota-de-vila-nova-de-gaia-rua-do-conselheiro-veloso-da-cruz-e-rua-fonte-santa\/\" target=\"&quot;_blank&quot;\">\n\t\t\t\tRua do Conselheiro Veloso da Cruz e Rua Fonte Santa\t\t\t<\/a>\n\t\t<\/h3>\n\t\t\t\t<\/div>\n\t\t\t\t<\/article>\n\t\t\t\t<article class=\"elementor-post elementor-grid-item post-929 post type-post status-publish format-standard hentry category-rota-de-vila-nova-de-gaia tag-mapa1\" role=\"listitem\">\n\t\t\t\t<div class=\"elementor-post__text\">\n\t\t\t\t<h3 class=\"elementor-post__title\">\n\t\t\t<a href=\"https:\/\/streetartcei.com\/en\/rota-de-vila-nova-de-gaia-rua-bairro-da-cp\/\" target=\"&quot;_blank&quot;\">\n\t\t\t\tRua Bairro da CP\t\t\t<\/a>\n\t\t<\/h3>\n\t\t\t\t<\/div>\n\t\t\t\t<\/article>\n\t\t\t\t<article class=\"elementor-post elementor-grid-item post-1069 post type-post status-publish format-standard hentry category-rota-de-vila-nova-de-gaia tag-mapa1\" role=\"listitem\">\n\t\t\t\t<div class=\"elementor-post__text\">\n\t\t\t\t<h3 class=\"elementor-post__title\">\n\t\t\t<a href=\"https:\/\/streetartcei.com\/en\/rota-de-vila-nova-de-gaia-pink-palace-wow\/\" target=\"&quot;_blank&quot;\">\n\t\t\t\tPink Palace WOW\t\t\t<\/a>\n\t\t<\/h3>\n\t\t\t\t<\/div>\n\t\t\t\t<\/article>\n\t\t\t\t<\/div>\n\t\t\n\t\t\t\t\t\t<\/div>\n\t\t\t\t<\/div>\n\t\t\t\t<div class=\"elementor-element elementor-element-25a7e39 elementor-grid-1 elementor-grid-tablet-2 elementor-grid-mobile-1 elementor-posts--thumbnail-top elementor-widget elementor-widget-posts\" data-id=\"25a7e39\" data-element_type=\"widget\" data-e-type=\"widget\" data-settings=\"{&quot;pagination_type&quot;:&quot;numbers&quot;,&quot;classic_columns&quot;:&quot;1&quot;,&quot;classic_columns_tablet&quot;:&quot;2&quot;,&quot;classic_columns_mobile&quot;:&quot;1&quot;,&quot;classic_row_gap&quot;:{&quot;unit&quot;:&quot;px&quot;,&quot;size&quot;:35,&quot;sizes&quot;:[]},&quot;classic_row_gap_tablet&quot;:{&quot;unit&quot;:&quot;px&quot;,&quot;size&quot;:&quot;&quot;,&quot;sizes&quot;:[]},&quot;classic_row_gap_mobile&quot;:{&quot;unit&quot;:&quot;px&quot;,&quot;size&quot;:&quot;&quot;,&quot;sizes&quot;:[]}}\" data-widget_type=\"posts.classic\">\n\t\t\t\t<div class=\"elementor-widget-container\">\n\t\t\t\t\t\t\t<div class=\"elementor-posts-container elementor-posts elementor-posts--skin-classic elementor-grid\" role=\"list\">\n\t\t\t\t<article class=\"elementor-post elementor-grid-item post-935 post type-post status-publish format-standard hentry category-rota-de-vila-nova-de-gaia tag-mapa2\" role=\"listitem\">\n\t\t\t\t<div class=\"elementor-post__text\">\n\t\t\t\t<h3 class=\"elementor-post__title\">\n\t\t\t<a href=\"https:\/\/streetartcei.com\/en\/rota-de-vila-nova-de-gaia-calcada-da-serra\/\" target=\"&quot;_blank&quot;\">\n\t\t\t\tCal\u00e7ada da Serra\t\t\t<\/a>\n\t\t<\/h3>\n\t\t\t\t<\/div>\n\t\t\t\t<\/article>\n\t\t\t\t<article class=\"elementor-post elementor-grid-item post-937 post type-post status-publish format-standard hentry category-rota-de-vila-nova-de-gaia tag-mapa2\" role=\"listitem\">\n\t\t\t\t<div class=\"elementor-post__text\">\n\t\t\t\t<h3 class=\"elementor-post__title\">\n\t\t\t<a href=\"https:\/\/streetartcei.com\/en\/rota-de-vila-nova-de-gaia-largo-joaquim-magalhaes\/\" target=\"&quot;_blank&quot;\">\n\t\t\t\tLargo Joaquim Magalh\u00e3es\t\t\t<\/a>\n\t\t<\/h3>\n\t\t\t\t<\/div>\n\t\t\t\t<\/article>\n\t\t\t\t<article class=\"elementor-post elementor-grid-item post-938 post type-post status-publish format-standard hentry category-rota-de-vila-nova-de-gaia tag-mapa2\" role=\"listitem\">\n\t\t\t\t<div class=\"elementor-post__text\">\n\t\t\t\t<h3 class=\"elementor-post__title\">\n\t\t\t<a href=\"https:\/\/streetartcei.com\/en\/rota-de-vila-nova-de-gaia-rua-franca\/\" target=\"&quot;_blank&quot;\">\n\t\t\t\tRua Fran\u00e7a\t\t\t<\/a>\n\t\t<\/h3>\n\t\t\t\t<\/div>\n\t\t\t\t<\/article>\n\t\t\t\t<article class=\"elementor-post elementor-grid-item post-939 post type-post status-publish format-standard hentry category-rota-de-vila-nova-de-gaia tag-mapa2\" role=\"listitem\">\n\t\t\t\t<div class=\"elementor-post__text\">\n\t\t\t\t<h3 class=\"elementor-post__title\">\n\t\t\t<a href=\"https:\/\/streetartcei.com\/en\/rota-de-vila-nova-de-gaia-rua-guilherme-gomes-fernandes\/\" target=\"&quot;_blank&quot;\">\n\t\t\t\tRua Guilherme Gomes Fernandes\t\t\t<\/a>\n\t\t<\/h3>\n\t\t\t\t<\/div>\n\t\t\t\t<\/article>\n\t\t\t\t<article class=\"elementor-post elementor-grid-item post-940 post type-post status-publish format-standard hentry category-rota-de-vila-nova-de-gaia tag-mapa2\" role=\"listitem\">\n\t\t\t\t<div class=\"elementor-post__text\">\n\t\t\t\t<h3 class=\"elementor-post__title\">\n\t\t\t<a href=\"https:\/\/streetartcei.com\/en\/rota-de-vila-nova-de-gaia-rua-sete-passadas\/\" target=\"&quot;_blank&quot;\">\n\t\t\t\tRua Sete Passadas\t\t\t<\/a>\n\t\t<\/h3>\n\t\t\t\t<\/div>\n\t\t\t\t<\/article>\n\t\t\t\t<article class=\"elementor-post elementor-grid-item post-942 post type-post status-publish format-standard hentry category-rota-de-vila-nova-de-gaia tag-mapa2\" role=\"listitem\">\n\t\t\t\t<div class=\"elementor-post__text\">\n\t\t\t\t<h3 class=\"elementor-post__title\">\n\t\t\t<a href=\"https:\/\/streetartcei.com\/en\/rota-de-vila-nova-de-gaia-travessa-de-candido-dos-reis\/\" target=\"&quot;_blank&quot;\">\n\t\t\t\tTravessa de C\u00e2ndido dos Reis\t\t\t<\/a>\n\t\t<\/h3>\n\t\t\t\t<\/div>\n\t\t\t\t<\/article>\n\t\t\t\t<article class=\"elementor-post elementor-grid-item post-943 post type-post status-publish format-standard hentry category-rota-de-vila-nova-de-gaia tag-mapa2\" role=\"listitem\">\n\t\t\t\t<div class=\"elementor-post__text\">\n\t\t\t\t<h3 class=\"elementor-post__title\">\n\t\t\t<a href=\"https:\/\/streetartcei.com\/en\/rota-de-vila-nova-de-gaia-rua-barroca\/\" target=\"&quot;_blank&quot;\">\n\t\t\t\tRua Barroca\t\t\t<\/a>\n\t\t<\/h3>\n\t\t\t\t<\/div>\n\t\t\t\t<\/article>\n\t\t\t\t<article class=\"elementor-post elementor-grid-item post-936 post type-post status-publish format-standard hentry category-rota-de-vila-nova-de-gaia tag-mapa2\" role=\"listitem\">\n\t\t\t\t<div class=\"elementor-post__text\">\n\t\t\t\t<h3 class=\"elementor-post__title\">\n\t\t\t<a href=\"https:\/\/streetartcei.com\/en\/rota-de-vila-nova-de-gaia-rua-fervenca\/\" target=\"&quot;_blank&quot;\">\n\t\t\t\tRua Ferven\u00e7a\t\t\t<\/a>\n\t\t<\/h3>\n\t\t\t\t<\/div>\n\t\t\t\t<\/article>\n\t\t\t\t<article class=\"elementor-post elementor-grid-item post-1070 post type-post status-publish format-standard hentry category-rota-de-vila-nova-de-gaia tag-mapa2\" role=\"listitem\">\n\t\t\t\t<div class=\"elementor-post__text\">\n\t\t\t\t<h3 class=\"elementor-post__title\">\n\t\t\t<a href=\"https:\/\/streetartcei.com\/en\/rota-de-vila-nova-de-gaia-rua-santos-martires\/\" target=\"&quot;_blank&quot;\">\n\t\t\t\tRua Santos M\u00e1rtires\t\t\t<\/a>\n\t\t<\/h3>\n\t\t\t\t<\/div>\n\t\t\t\t<\/article>\n\t\t\t\t<article class=\"elementor-post elementor-grid-item post-941 post type-post status-publish format-standard hentry category-rota-de-vila-nova-de-gaia tag-mapa2\" role=\"listitem\">\n\t\t\t\t<div class=\"elementor-post__text\">\n\t\t\t\t<h3 class=\"elementor-post__title\">\n\t\t\t<a href=\"https:\/\/streetartcei.com\/en\/rota-de-vila-nova-de-gaia-ponte-luiz-i-avenida-diogo-leite\/\" target=\"&quot;_blank&quot;\">\n\t\t\t\tPonte Luiz I\/Avenida Diogo Leite\t\t\t<\/a>\n\t\t<\/h3>\n\t\t\t\t<\/div>\n\t\t\t\t<\/article>\n\t\t\t\t<article class=\"elementor-post elementor-grid-item post-951 post type-post status-publish format-standard hentry category-rota-de-vila-nova-de-gaia tag-mapa2\" role=\"listitem\">\n\t\t\t\t<div class=\"elementor-post__text\">\n\t\t\t\t<h3 class=\"elementor-post__title\">\n\t\t\t<a href=\"https:\/\/streetartcei.com\/en\/rota-de-vila-nova-de-gaia-cais-do-lugan\/\" target=\"&quot;_blank&quot;\">\n\t\t\t\tCais do Lugan\t\t\t<\/a>\n\t\t<\/h3>\n\t\t\t\t<\/div>\n\t\t\t\t<\/article>\n\t\t\t\t<article class=\"elementor-post elementor-grid-item post-952 post type-post status-publish format-standard hentry category-rota-de-vila-nova-de-gaia tag-mapa2\" role=\"listitem\">\n\t\t\t\t<div class=\"elementor-post__text\">\n\t\t\t\t<h3 class=\"elementor-post__title\">\n\t\t\t<a href=\"https:\/\/streetartcei.com\/en\/rota-de-vila-nova-de-gaia-afurada-restaurante-armazem-do-sushi\/\" target=\"&quot;_blank&quot;\">\n\t\t\t\tAfurada-Restaurante Armaz\u00e9m do Sushi\t\t\t<\/a>\n\t\t<\/h3>\n\t\t\t\t<\/div>\n\t\t\t\t<\/article>\n\t\t\t\t<\/div>\n\t\t\n\t\t\t\t\t\t<\/div>\n\t\t\t\t<\/div>\n\t\t\t\t<div class=\"elementor-element elementor-element-0868968 elementor-grid-1 elementor-grid-tablet-2 elementor-grid-mobile-1 elementor-posts--thumbnail-top elementor-widget elementor-widget-posts\" data-id=\"0868968\" data-element_type=\"widget\" data-e-type=\"widget\" data-settings=\"{&quot;pagination_type&quot;:&quot;numbers&quot;,&quot;classic_columns&quot;:&quot;1&quot;,&quot;classic_columns_tablet&quot;:&quot;2&quot;,&quot;classic_columns_mobile&quot;:&quot;1&quot;,&quot;classic_row_gap&quot;:{&quot;unit&quot;:&quot;px&quot;,&quot;size&quot;:35,&quot;sizes&quot;:[]},&quot;classic_row_gap_tablet&quot;:{&quot;unit&quot;:&quot;px&quot;,&quot;size&quot;:&quot;&quot;,&quot;sizes&quot;:[]},&quot;classic_row_gap_mobile&quot;:{&quot;unit&quot;:&quot;px&quot;,&quot;size&quot;:&quot;&quot;,&quot;sizes&quot;:[]}}\" data-widget_type=\"posts.classic\">\n\t\t\t\t<div class=\"elementor-widget-container\">\n\t\t\t\t\t\t\t<div class=\"elementor-posts-container elementor-posts elementor-posts--skin-classic elementor-grid\" role=\"list\">\n\t\t\t\t<article class=\"elementor-post elementor-grid-item post-945 post type-post status-publish format-standard hentry category-rota-de-vila-nova-de-gaia tag-mapa3\" role=\"listitem\">\n\t\t\t\t<div class=\"elementor-post__text\">\n\t\t\t\t<h3 class=\"elementor-post__title\">\n\t\t\t<a href=\"https:\/\/streetartcei.com\/en\/rota-de-vila-nova-de-gaia-avenida-infante-sagres\/\" target=\"&quot;_blank&quot;\">\n\t\t\t\tAvenida Infante Sagres\t\t\t<\/a>\n\t\t<\/h3>\n\t\t\t\t<\/div>\n\t\t\t\t<\/article>\n\t\t\t\t<article class=\"elementor-post elementor-grid-item post-946 post type-post status-publish format-standard hentry category-rota-de-vila-nova-de-gaia tag-mapa3\" role=\"listitem\">\n\t\t\t\t<div class=\"elementor-post__text\">\n\t\t\t\t<h3 class=\"elementor-post__title\">\n\t\t\t<a href=\"https:\/\/streetartcei.com\/en\/rota-de-vila-nova-de-gaia-avenida-gago-coutinho\/\" target=\"&quot;_blank&quot;\">\n\t\t\t\tAvenida Gago Coutinho\t\t\t<\/a>\n\t\t<\/h3>\n\t\t\t\t<\/div>\n\t\t\t\t<\/article>\n\t\t\t\t<article class=\"elementor-post elementor-grid-item post-947 post type-post status-publish format-standard hentry category-rota-de-vila-nova-de-gaia tag-mapa3\" role=\"listitem\">\n\t\t\t\t<div class=\"elementor-post__text\">\n\t\t\t\t<h3 class=\"elementor-post__title\">\n\t\t\t<a href=\"https:\/\/streetartcei.com\/en\/rota-de-vila-nova-de-gaia-alameda-do-senhor-da-pedra\/\" target=\"&quot;_blank&quot;\">\n\t\t\t\tAlameda do Senhor da Pedra\t\t\t<\/a>\n\t\t<\/h3>\n\t\t\t\t<\/div>\n\t\t\t\t<\/article>\n\t\t\t\t<article class=\"elementor-post elementor-grid-item post-948 post type-post status-publish format-standard hentry category-rota-de-vila-nova-de-gaia tag-mapa3\" role=\"listitem\">\n\t\t\t\t<div class=\"elementor-post__text\">\n\t\t\t\t<h3 class=\"elementor-post__title\">\n\t\t\t<a href=\"https:\/\/streetartcei.com\/en\/rota-de-vila-nova-de-gaia-praia-da-granja\/\" target=\"&quot;_blank&quot;\">\n\t\t\t\tPraia da Granja\t\t\t<\/a>\n\t\t<\/h3>\n\t\t\t\t<\/div>\n\t\t\t\t<\/article>\n\t\t\t\t<article class=\"elementor-post elementor-grid-item post-949 post type-post status-publish format-standard hentry category-rota-de-vila-nova-de-gaia tag-mapa3\" role=\"listitem\">\n\t\t\t\t<div class=\"elementor-post__text\">\n\t\t\t\t<h3 class=\"elementor-post__title\">\n\t\t\t<a href=\"https:\/\/streetartcei.com\/en\/rota-de-vila-nova-de-gaia-rua-anselmo-braancamp\/\" target=\"&quot;_blank&quot;\">\n\t\t\t\tRua Anselmo Braancamp\t\t\t<\/a>\n\t\t<\/h3>\n\t\t\t\t<\/div>\n\t\t\t\t<\/article>\n\t\t\t\t<\/div>\n\t\t\n\t\t\t\t\t\t<\/div>\n\t\t\t\t<\/div>\n\t\t\t\t\t<\/div>\n\t\t\t\t<\/div>\n\t\t\t\t<\/div>","protected":false},"excerpt":{"rendered":"<p>Mapa 1 Mapa 2 Mapa 3<\/p>","protected":false},"author":1,"featured_media":0,"parent":9495,"menu_order":0,"comment_status":"closed","ping_status":"closed","template":"","meta":{"_monsterinsights_skip_tracking":false,"_monsterinsights_sitenote_active":false,"_monsterinsights_sitenote_note":"","_monsterinsights_sitenote_category":0,"footnotes":""},"class_list":["post-9685","page","type-page","status-publish","hentry"],"jetpack_sharing_enabled":true,"_links":{"self":[{"href":"https:\/\/streetartcei.com\/en\/wp-json\/wp\/v2\/pages\/9685","targetHints":{"allow":["GET"]}}],"collection":[{"href":"https:\/\/streetartcei.com\/en\/wp-json\/wp\/v2\/pages"}],"about":[{"href":"https:\/\/streetartcei.com\/en\/wp-json\/wp\/v2\/types\/page"}],"author":[{"embeddable":true,"href":"https:\/\/streetartcei.com\/en\/wp-json\/wp\/v2\/users\/1"}],"replies":[{"embeddable":true,"href":"https:\/\/streetartcei.com\/en\/wp-json\/wp\/v2\/comments?post=9685"}],"version-history":[{"count":22,"href":"https:\/\/streetartcei.com\/en\/wp-json\/wp\/v2\/pages\/9685\/revisions"}],"predecessor-version":[{"id":16008,"href":"https:\/\/streetartcei.com\/en\/wp-json\/wp\/v2\/pages\/9685\/revisions\/16008"}],"up":[{"embeddable":true,"href":"https:\/\/streetartcei.com\/en\/wp-json\/wp\/v2\/pages\/9495"}],"wp:attachment":[{"href":"https:\/\/streetartcei.com\/en\/wp-json\/wp\/v2\/media?parent=9685"}],"curies":[{"name":"wp","href":"https:\/\/api.w.org\/{rel}","templated":true}]}}