{"id":9644,"date":"2024-08-06T15:38:09","date_gmt":"2024-08-06T15:38:09","guid":{"rendered":"https:\/\/www.iscap.pt\/streeartcei\/?page_id=9644"},"modified":"2024-10-16T17:34:35","modified_gmt":"2024-10-16T17:34:35","slug":"rota-mamede","status":"publish","type":"page","link":"https:\/\/streetartcei.com\/en\/rotas\/grande-porto-2\/rota-mamede\/","title":{"rendered":"S. Mamede\/Le\u00e7a do Balio Route"},"content":{"rendered":"<div data-elementor-type=\"wp-page\" data-elementor-id=\"9644\" class=\"elementor elementor-9644\" data-elementor-post-type=\"page\">\n\t\t\t\t<div class=\"elementor-element elementor-element-424c73a e-flex e-con-boxed e-con e-parent\" data-id=\"424c73a\" data-element_type=\"container\" data-e-type=\"container\">\n\t\t\t\t\t<div class=\"e-con-inner\">\n\t\t\t\t<div class=\"elementor-element elementor-element-b70ab6e elementor-widget elementor-widget-html\" data-id=\"b70ab6e\" data-element_type=\"widget\" data-e-type=\"widget\" data-widget_type=\"html.default\">\n\t\t\t\t<div class=\"elementor-widget-container\">\n\t\t\t\t\t<iframe src=\"https:\/\/www.google.com\/maps\/d\/u\/8\/embed?mid=10QWGuY6pCIUuwxQO4lHwEgH_taDVOusw&ehbc=2E312F\" width=\"640\" height=\"480\"><\/iframe>\t\t\t\t<\/div>\n\t\t\t\t<\/div>\n\t\t\t\t\t<\/div>\n\t\t\t\t<\/div>\n\t\t<div class=\"elementor-element elementor-element-65c8a97 e-flex e-con-boxed e-con e-parent\" data-id=\"65c8a97\" data-element_type=\"container\" data-e-type=\"container\">\n\t\t\t\t\t<div class=\"e-con-inner\">\n\t\t\t\t<div class=\"elementor-element elementor-element-9b7299c elementor-widget elementor-widget-spacer\" data-id=\"9b7299c\" data-element_type=\"widget\" data-e-type=\"widget\" data-widget_type=\"spacer.default\">\n\t\t\t\t<div class=\"elementor-widget-container\">\n\t\t\t\t\t\t\t<div class=\"elementor-spacer\">\n\t\t\t<div class=\"elementor-spacer-inner\"><\/div>\n\t\t<\/div>\n\t\t\t\t\t\t<\/div>\n\t\t\t\t<\/div>\n\t\t\t\t\t<\/div>\n\t\t\t\t<\/div>\n\t\t<div class=\"elementor-element elementor-element-ae9d967 e-flex e-con-boxed e-con e-parent\" data-id=\"ae9d967\" data-element_type=\"container\" data-e-type=\"container\">\n\t\t\t\t\t<div class=\"e-con-inner\">\n\t\t\t\t<div class=\"elementor-element elementor-element-fcbb931 elementor-grid-3 elementor-grid-tablet-2 elementor-grid-mobile-1 elementor-posts--thumbnail-top elementor-widget elementor-widget-posts\" data-id=\"fcbb931\" data-element_type=\"widget\" data-e-type=\"widget\" data-settings=\"{&quot;pagination_type&quot;:&quot;numbers&quot;,&quot;classic_columns&quot;:&quot;3&quot;,&quot;classic_columns_tablet&quot;:&quot;2&quot;,&quot;classic_columns_mobile&quot;:&quot;1&quot;,&quot;classic_row_gap&quot;:{&quot;unit&quot;:&quot;px&quot;,&quot;size&quot;:35,&quot;sizes&quot;:[]},&quot;classic_row_gap_tablet&quot;:{&quot;unit&quot;:&quot;px&quot;,&quot;size&quot;:&quot;&quot;,&quot;sizes&quot;:[]},&quot;classic_row_gap_mobile&quot;:{&quot;unit&quot;:&quot;px&quot;,&quot;size&quot;:&quot;&quot;,&quot;sizes&quot;:[]}}\" data-widget_type=\"posts.classic\">\n\t\t\t\t<div class=\"elementor-widget-container\">\n\t\t\t\t\t\t\t<div class=\"elementor-posts-container elementor-posts elementor-posts--skin-classic elementor-grid\" role=\"list\">\n\t\t\t\t<article class=\"elementor-post elementor-grid-item post-1064 post type-post status-publish format-standard hentry category-rota-de-s-mamede-de-infesta-leca-do-balio\" role=\"listitem\">\n\t\t\t\t<div class=\"elementor-post__text\">\n\t\t\t\t<h3 class=\"elementor-post__title\">\n\t\t\t<a href=\"https:\/\/streetartcei.com\/en\/rota-de-s-mamede-de-infesta-leca-do-balio-rua-jaime-lopes-amorim\/\" target=\"&quot;_blank&quot;\">\n\t\t\t\tRua Jaime Lopes Amorim\t\t\t<\/a>\n\t\t<\/h3>\n\t\t\t\t<\/div>\n\t\t\t\t<\/article>\n\t\t\t\t<article class=\"elementor-post elementor-grid-item post-224 post type-post status-publish format-standard hentry category-rota-de-s-mamede-de-infesta-leca-do-balio\" role=\"listitem\">\n\t\t\t\t<div class=\"elementor-post__text\">\n\t\t\t\t<h3 class=\"elementor-post__title\">\n\t\t\t<a href=\"https:\/\/streetartcei.com\/en\/rota-de-s-mamede-infesta-rua-padre-costa\/\" target=\"&quot;_blank&quot;\">\n\t\t\t\tRua Padre Costa\t\t\t<\/a>\n\t\t<\/h3>\n\t\t\t\t<\/div>\n\t\t\t\t<\/article>\n\t\t\t\t<article class=\"elementor-post elementor-grid-item post-225 post type-post status-publish format-standard hentry category-rota-de-s-mamede-de-infesta-leca-do-balio\" role=\"listitem\">\n\t\t\t\t<div class=\"elementor-post__text\">\n\t\t\t\t<h3 class=\"elementor-post__title\">\n\t\t\t<a href=\"https:\/\/streetartcei.com\/en\/rota-de-s-mamede-infesta-rua-da-estacao-de-sao-mamede\/\" target=\"&quot;_blank&quot;\">\n\t\t\t\tRua da Esta\u00e7\u00e3o de S\u00e3o Mamede\t\t\t<\/a>\n\t\t<\/h3>\n\t\t\t\t<\/div>\n\t\t\t\t<\/article>\n\t\t\t\t<article class=\"elementor-post elementor-grid-item post-843 post type-post status-publish format-standard hentry category-rota-de-s-mamede-de-infesta-leca-do-balio\" role=\"listitem\">\n\t\t\t\t<div class=\"elementor-post__text\">\n\t\t\t\t<h3 class=\"elementor-post__title\">\n\t\t\t<a href=\"https:\/\/streetartcei.com\/en\/rota-de-s-mamede-infesta-rua-5-outubro\/\" target=\"&quot;_blank&quot;\">\n\t\t\t\tRua 5 Outubro\t\t\t<\/a>\n\t\t<\/h3>\n\t\t\t\t<\/div>\n\t\t\t\t<\/article>\n\t\t\t\t<article class=\"elementor-post elementor-grid-item post-844 post type-post status-publish format-standard hentry category-rota-de-s-mamede-de-infesta-leca-do-balio\" role=\"listitem\">\n\t\t\t\t<div class=\"elementor-post__text\">\n\t\t\t\t<h3 class=\"elementor-post__title\">\n\t\t\t<a href=\"https:\/\/streetartcei.com\/en\/rota-de-s-mamede-infesta-avenida-conde\/\" target=\"&quot;_blank&quot;\">\n\t\t\t\tAvenida Conde\t\t\t<\/a>\n\t\t<\/h3>\n\t\t\t\t<\/div>\n\t\t\t\t<\/article>\n\t\t\t\t<article class=\"elementor-post elementor-grid-item post-213 post type-post status-publish format-standard hentry category-rota-de-s-mamede-de-infesta-leca-do-balio\" role=\"listitem\">\n\t\t\t\t<div class=\"elementor-post__text\">\n\t\t\t\t<h3 class=\"elementor-post__title\">\n\t\t\t<a href=\"https:\/\/streetartcei.com\/en\/rota-de-s-mamede-infesta-rua-da-lionesa-leca-do-balio\/\" target=\"&quot;_blank&quot;\">\n\t\t\t\tRua da Lionesa\t\t\t<\/a>\n\t\t<\/h3>\n\t\t\t\t<\/div>\n\t\t\t\t<\/article>\n\t\t\t\t<article class=\"elementor-post elementor-grid-item post-845 post type-post status-publish format-standard hentry category-rota-de-s-mamede-de-infesta-leca-do-balio\" role=\"listitem\">\n\t\t\t\t<div class=\"elementor-post__text\">\n\t\t\t\t<h3 class=\"elementor-post__title\">\n\t\t\t<a href=\"https:\/\/streetartcei.com\/en\/rota-de-s-mamede-infesta-parque-infantil-rua-prof-franco\/\" target=\"&quot;_blank&quot;\">\n\t\t\t\tParque Infantil, Rua Prof. Franco\t\t\t<\/a>\n\t\t<\/h3>\n\t\t\t\t<\/div>\n\t\t\t\t<\/article>\n\t\t\t\t<\/div>\n\t\t\n\t\t\t\t\t\t<\/div>\n\t\t\t\t<\/div>\n\t\t\t\t\t<\/div>\n\t\t\t\t<\/div>\n\t\t\t\t<\/div>","protected":false},"excerpt":{"rendered":"","protected":false},"author":1,"featured_media":0,"parent":9495,"menu_order":0,"comment_status":"closed","ping_status":"closed","template":"","meta":{"_monsterinsights_skip_tracking":false,"_monsterinsights_sitenote_active":false,"_monsterinsights_sitenote_note":"","_monsterinsights_sitenote_category":0,"footnotes":""},"class_list":["post-9644","page","type-page","status-publish","hentry"],"jetpack_sharing_enabled":true,"_links":{"self":[{"href":"https:\/\/streetartcei.com\/en\/wp-json\/wp\/v2\/pages\/9644","targetHints":{"allow":["GET"]}}],"collection":[{"href":"https:\/\/streetartcei.com\/en\/wp-json\/wp\/v2\/pages"}],"about":[{"href":"https:\/\/streetartcei.com\/en\/wp-json\/wp\/v2\/types\/page"}],"author":[{"embeddable":true,"href":"https:\/\/streetartcei.com\/en\/wp-json\/wp\/v2\/users\/1"}],"replies":[{"embeddable":true,"href":"https:\/\/streetartcei.com\/en\/wp-json\/wp\/v2\/comments?post=9644"}],"version-history":[{"count":10,"href":"https:\/\/streetartcei.com\/en\/wp-json\/wp\/v2\/pages\/9644\/revisions"}],"predecessor-version":[{"id":15507,"href":"https:\/\/streetartcei.com\/en\/wp-json\/wp\/v2\/pages\/9644\/revisions\/15507"}],"up":[{"embeddable":true,"href":"https:\/\/streetartcei.com\/en\/wp-json\/wp\/v2\/pages\/9495"}],"wp:attachment":[{"href":"https:\/\/streetartcei.com\/en\/wp-json\/wp\/v2\/media?parent=9644"}],"curies":[{"name":"wp","href":"https:\/\/api.w.org\/{rel}","templated":true}]}}