{"id":9036,"date":"2024-07-31T15:23:32","date_gmt":"2024-07-31T15:23:32","guid":{"rendered":"https:\/\/www.iscap.pt\/streeartcei\/?page_id=9036"},"modified":"2024-11-14T12:43:38","modified_gmt":"2024-11-14T12:43:38","slug":"streetartcei","status":"publish","type":"page","link":"https:\/\/streetartcei.com\/en\/","title":{"rendered":"StreetArtCEI"},"content":{"rendered":"<div data-elementor-type=\"wp-page\" data-elementor-id=\"9036\" class=\"elementor elementor-9036\" data-elementor-post-type=\"page\">\n\t\t\t\t<div class=\"elementor-element elementor-element-2c55a00 e-flex e-con-boxed e-con e-parent\" data-id=\"2c55a00\" data-element_type=\"container\" data-e-type=\"container\">\n\t\t\t\t\t<div class=\"e-con-inner\">\n\t\t\t\t<div class=\"elementor-element elementor-element-9419222 elementor-pagination-position-inside elementor-arrows-position-inside elementor-widget elementor-widget-image-carousel\" data-id=\"9419222\" data-element_type=\"widget\" data-e-type=\"widget\" data-settings=\"{&quot;slides_to_show&quot;:&quot;2&quot;,&quot;lazyload&quot;:&quot;yes&quot;,&quot;image_spacing_custom&quot;:{&quot;unit&quot;:&quot;px&quot;,&quot;size&quot;:13,&quot;sizes&quot;:[]},&quot;navigation&quot;:&quot;both&quot;,&quot;autoplay&quot;:&quot;yes&quot;,&quot;pause_on_hover&quot;:&quot;yes&quot;,&quot;pause_on_interaction&quot;:&quot;yes&quot;,&quot;autoplay_speed&quot;:5000,&quot;infinite&quot;:&quot;yes&quot;,&quot;speed&quot;:500,&quot;image_spacing_custom_tablet&quot;:{&quot;unit&quot;:&quot;px&quot;,&quot;size&quot;:&quot;&quot;,&quot;sizes&quot;:[]},&quot;image_spacing_custom_mobile&quot;:{&quot;unit&quot;:&quot;px&quot;,&quot;size&quot;:&quot;&quot;,&quot;sizes&quot;:[]}}\" data-widget_type=\"image-carousel.default\">\n\t\t\t\t<div class=\"elementor-widget-container\">\n\t\t\t\t\t\t\t<div class=\"elementor-image-carousel-wrapper swiper\" role=\"region\" aria-roledescription=\"carousel\" aria-label=\"Carrossel de imagens\" dir=\"ltr\">\n\t\t\t<div class=\"elementor-image-carousel swiper-wrapper\" aria-live=\"off\">\n\t\t\t\t\t\t\t\t<div class=\"swiper-slide\" role=\"group\" aria-roledescription=\"slide\" aria-label=\"1 de 10\"><figure class=\"swiper-slide-inner\"><img class=\"swiper-slide-image swiper-lazy\" data-src=\"https:\/\/streetartcei.com\/wp-content\/uploads\/2024\/06\/Largo-de-Alberto-Pimentel.jpg\" alt=\"Largo-de-Alberto-Pimentel\" \/><div class=\"swiper-lazy-preloader\"><\/div><\/figure><\/div><div class=\"swiper-slide\" role=\"group\" aria-roledescription=\"slide\" aria-label=\"2 de 10\"><figure class=\"swiper-slide-inner\"><img class=\"swiper-slide-image swiper-lazy\" data-src=\"https:\/\/streetartcei.com\/wp-content\/uploads\/2024\/06\/IMG_3631-768x564.jpg\" alt=\"IMG_3631\" \/><div class=\"swiper-lazy-preloader\"><\/div><\/figure><\/div><div class=\"swiper-slide\" role=\"group\" aria-roledescription=\"slide\" aria-label=\"3 de 10\"><figure class=\"swiper-slide-inner\"><img class=\"swiper-slide-image swiper-lazy\" data-src=\"https:\/\/streetartcei.com\/wp-content\/uploads\/2024\/06\/saac_poveiros_3-768x575.jpg\" alt=\"saac_poveiros_3\" \/><div class=\"swiper-lazy-preloader\"><\/div><\/figure><\/div><div class=\"swiper-slide\" role=\"group\" aria-roledescription=\"slide\" aria-label=\"4 de 10\"><figure class=\"swiper-slide-inner\"><img class=\"swiper-slide-image swiper-lazy\" data-src=\"https:\/\/streetartcei.com\/wp-content\/uploads\/2024\/06\/Praca-dos-Poveiros-1.jpg\" alt=\"Pra\u00e7a-dos-Poveiros-1\" \/><div class=\"swiper-lazy-preloader\"><\/div><\/figure><\/div><div class=\"swiper-slide\" role=\"group\" aria-roledescription=\"slide\" aria-label=\"5 de 10\"><figure class=\"swiper-slide-inner\"><img class=\"swiper-slide-image swiper-lazy\" data-src=\"https:\/\/streetartcei.com\/wp-content\/uploads\/2024\/09\/4-4-768x576.jpg\" alt=\"4\" \/><div class=\"swiper-lazy-preloader\"><\/div><\/figure><\/div><div class=\"swiper-slide\" role=\"group\" aria-roledescription=\"slide\" aria-label=\"6 de 10\"><figure class=\"swiper-slide-inner\"><img class=\"swiper-slide-image swiper-lazy\" data-src=\"https:\/\/streetartcei.com\/wp-content\/uploads\/2024\/09\/15-768x576.jpg\" alt=\"15\" \/><div class=\"swiper-lazy-preloader\"><\/div><\/figure><\/div><div class=\"swiper-slide\" role=\"group\" aria-roledescription=\"slide\" aria-label=\"7 de 10\"><figure class=\"swiper-slide-inner\"><img class=\"swiper-slide-image swiper-lazy\" data-src=\"https:\/\/streetartcei.com\/wp-content\/uploads\/2024\/08\/Rua-dos-Martires-da-Liberdade-2-768x576.jpg\" alt=\"Rua dos M\u00e1rtires da Liberdade 2\" \/><div class=\"swiper-lazy-preloader\"><\/div><\/figure><\/div><div class=\"swiper-slide\" role=\"group\" aria-roledescription=\"slide\" aria-label=\"8 de 10\"><figure class=\"swiper-slide-inner\"><img class=\"swiper-slide-image swiper-lazy\" data-src=\"https:\/\/streetartcei.com\/wp-content\/uploads\/2024\/08\/Rua-dos-Martires-da-Liberdade-768x576.jpg\" alt=\"Rua dos M\u00e1rtires da Liberdade\" \/><div class=\"swiper-lazy-preloader\"><\/div><\/figure><\/div><div class=\"swiper-slide\" role=\"group\" aria-roledescription=\"slide\" aria-label=\"9 de 10\"><figure class=\"swiper-slide-inner\"><img class=\"swiper-slide-image swiper-lazy\" data-src=\"https:\/\/streetartcei.com\/wp-content\/uploads\/2024\/08\/Rua-do-Monte-do-Tadeu.jpg\" alt=\"Rua do Monte do Tadeu\" \/><div class=\"swiper-lazy-preloader\"><\/div><\/figure><\/div><div class=\"swiper-slide\" role=\"group\" aria-roledescription=\"slide\" aria-label=\"10 de 10\"><figure class=\"swiper-slide-inner\"><img class=\"swiper-slide-image swiper-lazy\" data-src=\"https:\/\/streetartcei.com\/wp-content\/uploads\/2024\/08\/20230216_111936-768x576.jpg\" alt=\"20230216_111936\" \/><div class=\"swiper-lazy-preloader\"><\/div><\/figure><\/div>\t\t\t<\/div>\n\t\t\t\t\t\t\t\t\t\t\t\t<div class=\"elementor-swiper-button elementor-swiper-button-prev\" role=\"button\" tabindex=\"0\">\n\t\t\t\t\t\t<svg aria-hidden=\"true\" class=\"e-font-icon-svg e-eicon-chevron-left\" viewbox=\"0 0 1000 1000\" xmlns=\"http:\/\/www.w3.org\/2000\/svg\"><path d=\"M646 125C629 125 613 133 604 142L308 442C296 454 292 471 292 487 292 504 296 521 308 533L604 854C617 867 629 875 646 875 663 875 679 871 692 858 704 846 713 829 713 812 713 796 708 779 692 767L438 487 692 225C700 217 708 204 708 187 708 171 704 154 692 142 675 129 663 125 646 125Z\"><\/path><\/svg>\t\t\t\t\t<\/div>\n\t\t\t\t\t<div class=\"elementor-swiper-button elementor-swiper-button-next\" role=\"button\" tabindex=\"0\">\n\t\t\t\t\t\t<svg aria-hidden=\"true\" class=\"e-font-icon-svg e-eicon-chevron-right\" viewbox=\"0 0 1000 1000\" xmlns=\"http:\/\/www.w3.org\/2000\/svg\"><path d=\"M696 533C708 521 713 504 713 487 713 471 708 454 696 446L400 146C388 133 375 125 354 125 338 125 325 129 313 142 300 154 292 171 292 187 292 204 296 221 308 233L563 492 304 771C292 783 288 800 288 817 288 833 296 850 308 863 321 871 338 875 354 875 371 875 388 867 400 854L696 533Z\"><\/path><\/svg>\t\t\t\t\t<\/div>\n\t\t\t\t\n\t\t\t\t\t\t\t\t\t<div class=\"swiper-pagination\"><\/div>\n\t\t\t\t\t\t\t\t\t<\/div>\n\t\t\t\t\t\t<\/div>\n\t\t\t\t<\/div>\n\t\t\t\t\t<\/div>\n\t\t\t\t<\/div>\n\t\t<div class=\"elementor-element elementor-element-fca852e e-flex e-con-boxed e-con e-parent\" data-id=\"fca852e\" data-element_type=\"container\" data-e-type=\"container\">\n\t\t\t\t\t<div class=\"e-con-inner\">\n\t\t\t\t<div class=\"elementor-element elementor-element-8ed6dc7 elementor-widget__width-initial elementor-widget elementor-widget-heading\" data-id=\"8ed6dc7\" data-element_type=\"widget\" data-e-type=\"widget\" data-widget_type=\"heading.default\">\n\t\t\t\t<div class=\"elementor-widget-container\">\n\t\t\t\t\t<h1 class=\"elementor-heading-title elementor-size-default\">The Project<\/h1>\t\t\t\t<\/div>\n\t\t\t\t<\/div>\n\t\t\t\t\t<\/div>\n\t\t\t\t<\/div>\n\t\t<div class=\"elementor-element elementor-element-224464b e-flex e-con-boxed e-con e-parent\" data-id=\"224464b\" data-element_type=\"container\" data-e-type=\"container\">\n\t\t\t\t\t<div class=\"e-con-inner\">\n\t\t\t\t<div class=\"elementor-element elementor-element-daa97d0 elementor-widget elementor-widget-text-editor\" data-id=\"daa97d0\" data-element_type=\"widget\" data-e-type=\"widget\" data-widget_type=\"text-editor.default\">\n\t\t\t\t<div class=\"elementor-widget-container\">\n\t\t\t\t\t\t\t\t\t<p>Using the conceptual and methodological tools of intercultural studies, the StreetArtCEI project was born with the aim of blurring the boundaries between dominant and marginal cultures, their practices, symbols and aesthetic manifestations, in the open, mobile and ephemeral space of the city. StreetArtCEI is a virtual museum and an open digital archive, with thousands of permanently updated images, distributed across geographical and author routes, maps and Points of Interest (POI). The website also contains scientific material, collections donated by amateurs, information on street music and interviews.<\/p><p>Since 2018, StreetArtCEI has been cooperating with the project \u201cO Direito \u00e0 Cidade \u2013 Entre Street Art e Lei\u201d of the CIJE - Faculty of Law of the University of Porto, which aims to discuss the legal regime of graffiti and street art from the perspective of Portuguese and Brazilian law. Read more <a href=\"https:\/\/cijefdup.wixsite.com\/odireitoacidade\">here.<\/a><\/p><p>The lockdowns could have irreparably jeopardized a project that by its very nature lives on urban movements. However, CEI researchers decided to create a second project to locate, photograph, catalog and map the street art manifestations that emerged during the long months of the pandemic.\u00a0<a href=\"https:\/\/streetartcei.com\/index.php\/against-covid-sobre\">Street Art Against Covid<\/a>\u00a0was active between April 2020 and January 2022, having won the Santander Universitario Uni-Covid19 award for academic initiatives with a social impact.<\/p><p>Over time, the StreetArtCEI Project Team has consisted of: <span style=\"color: var( --e-global-color-text );\">Clara Sarmento (dir.)<\/span><span style=\"color: var( --e-global-color-text );\">,\u00a0<\/span><span style=\"color: var( --e-global-color-text );\">Ana Margarida Silva,\u00a0<\/span><span style=\"color: var( --e-global-color-text );\">Ant\u00f3nio Monteiro de Oliveira<\/span><span style=\"color: var( --e-global-color-text );\">,\u00a0<\/span><span style=\"color: var( --e-global-color-text );\">Carina Cerqueira,\u00a0<\/span><span style=\"color: var( --e-global-color-text );\">Gabriel Louren\u00e7o,\u00a0<\/span><span style=\"color: var( --e-global-color-text );\">Gisela Hasparyk Miranda,\u00a0<\/span><span style=\"color: var( --e-global-color-text );\">In\u00eas Pires<\/span><span style=\"color: var( --e-global-color-text );\">,\u00a0<\/span><span style=\"color: var( --e-global-color-text );\">Isabel Ricardo,\u00a0<\/span><span style=\"color: var( --e-global-color-text );\">Joana Ribeiro,\u00a0<\/span><span style=\"color: var( --e-global-color-text );\">Jo\u00e3o Kendall<\/span><span style=\"color: var( --e-global-color-text );\">,\u00a0<\/span><span style=\"color: var( --e-global-color-text );\">Laura Prikule,\u00a0<\/span><span style=\"color: var( --e-global-color-text );\">Liliane\u00a0Gaglianone,\u00a0<\/span><span style=\"color: var( --e-global-color-text );\">Luciana Oliveira<\/span><span style=\"color: var( --e-global-color-text );\">,\u00a0<\/span><span style=\"color: var( --e-global-color-text );\">Lu\u00edsa Silva,\u00a0<\/span><span style=\"color: var( --e-global-color-text );\">Pedro Fur\u00e3o e\u00a0<\/span><span style=\"color: var( --e-global-color-text );\">Sara Cerqueira Pascoal, do Centro de Estudos Interculturais.<br \/><\/span><span style=\"color: var( --e-global-color-text );\"> And it has the collaboration of \u00c1gata Cerqueira<\/span><span style=\"font-size: 1.4375rem; color: var( --e-global-color-text );\">\u00a0<\/span><span style=\"color: var( --e-global-color-text );\">\u2013\u00a0 CICS.NOVA, FCSH\/UNLisboa e\u00a0<\/span><span style=\"color: var( --e-global-color-text );\">Ricardo Campos<\/span><span style=\"color: var( --e-global-color-text );\"> \u2013 CICS.Nova, FCSH\/UNLisboa; Rede Luso-Brasileira de Pesquisa em Artes e Interven\u00e7\u00f5es Urbanas (R.A.I.U.) and CEI, P.Porto.<\/span><\/p>\t\t\t\t\t\t\t\t<\/div>\n\t\t\t\t<\/div>\n\t\t\t\t\t<\/div>\n\t\t\t\t<\/div>\n\t\t\t\t<\/div>","protected":false},"excerpt":{"rendered":"<p>O Projeto Convocando as ferramentas conceptuais e metodol\u00f3gicas dos estudos interculturais, o projeto StreetArtCEI nasceu com o objetivo de esbater as fronteiras entre culturas dominantes e marginais, suas pr\u00e1ticas, s\u00edmbolos e manifesta\u00e7\u00f5es est\u00e9ticas, no espa\u00e7o aberto, m\u00f3vel e ef\u00e9mero da cidade. StreetArtCEI \u00e9 um museu virtual e um arquivo digital aberto, com milhares de imagens &hellip; <a href=\"https:\/\/streetartcei.com\/en\/\" class=\"more-link\">Continue reading<span class=\"screen-reader-text\"> &#8220;StreetArtCEI&#8221;<\/span><\/a><\/p>","protected":false},"author":1,"featured_media":0,"parent":0,"menu_order":2,"comment_status":"closed","ping_status":"closed","template":"elementor_theme","meta":{"_monsterinsights_skip_tracking":false,"_monsterinsights_sitenote_active":false,"_monsterinsights_sitenote_note":"","_monsterinsights_sitenote_category":0,"footnotes":""},"class_list":["post-9036","page","type-page","status-publish","hentry"],"jetpack_sharing_enabled":true,"_links":{"self":[{"href":"https:\/\/streetartcei.com\/en\/wp-json\/wp\/v2\/pages\/9036","targetHints":{"allow":["GET"]}}],"collection":[{"href":"https:\/\/streetartcei.com\/en\/wp-json\/wp\/v2\/pages"}],"about":[{"href":"https:\/\/streetartcei.com\/en\/wp-json\/wp\/v2\/types\/page"}],"author":[{"embeddable":true,"href":"https:\/\/streetartcei.com\/en\/wp-json\/wp\/v2\/users\/1"}],"replies":[{"embeddable":true,"href":"https:\/\/streetartcei.com\/en\/wp-json\/wp\/v2\/comments?post=9036"}],"version-history":[{"count":34,"href":"https:\/\/streetartcei.com\/en\/wp-json\/wp\/v2\/pages\/9036\/revisions"}],"predecessor-version":[{"id":15584,"href":"https:\/\/streetartcei.com\/en\/wp-json\/wp\/v2\/pages\/9036\/revisions\/15584"}],"wp:attachment":[{"href":"https:\/\/streetartcei.com\/en\/wp-json\/wp\/v2\/media?parent=9036"}],"curies":[{"name":"wp","href":"https:\/\/api.w.org\/{rel}","templated":true}]}}