{"id":7383,"date":"2024-07-03T09:30:51","date_gmt":"2024-07-03T09:30:51","guid":{"rendered":"https:\/\/www.iscap.pt\/streeartcei\/?page_id=7383"},"modified":"2024-12-11T14:19:31","modified_gmt":"2024-12-11T14:19:31","slug":"investigacao-4","status":"publish","type":"page","link":"https:\/\/streetartcei.com\/en\/investigacao-4\/","title":{"rendered":"Publications"},"content":{"rendered":"<p style=\"font-size:24px\"><strong>&#8220;Graffiti e street art: Revela\u00e7\u00f5es est\u00e9ticas durante a Pandemia. O Projeto Street Art Against COVID&#8221;<\/strong><\/p>\n\n\n\n<p>Autor: <strong>Maria Lu\u00edsa Pinto da Fonseca Silva<\/strong> \u2013 Centro de Estudos Interculturais, Polit\u00e9cnico do Porto.<\/p>\n\n\n\n<p>DOI: <a href=\"https:\/\/parc.ipp.pt\/index.php\/e-rei\/issue\/view\/166\">https:\/\/parc.ipp.pt\/index.php\/e-rei\/issue\/view\/166<\/a><br><em>E-REI &#8211; E-Revista de Estudos Interculturais, vol. 9, n\u00ba 1, Maio 2021. ISSN 2183-3869, ISSN 2182-6439. Indexada na Latindex, RCAAP, ERIHPLUS, NSD, Sherpa Romeo , MIAR , CIRC, SJIF, Scopus E Google Scholar.<\/em><\/p>\n\n\n\n<div class=\"wp-block-columns are-vertically-aligned-top is-not-stacked-on-mobile is-layout-flex wp-container-core-columns-is-layout-9d6595d7 wp-block-columns-is-layout-flex\">\n<div class=\"wp-block-column is-vertically-aligned-top is-layout-flow wp-block-column-is-layout-flow\">\n<div class=\"wp-block-buttons is-content-justification-left is-layout-flex wp-container-core-buttons-is-layout-ab31b1cb wp-block-buttons-is-layout-flex\">\n<div class=\"wp-block-button\"><a class=\"wp-block-button__link wp-element-button\" href=\"https:\/\/www.iscap.pt\/cei\/e-rei\/n9vol1\/artigos\/Luisa%20Silva_Revela%C3%A7%C3%B5es%20Est%C3%A9ticas%20Durante%20a%20Pandemia.pdf\">PDF<\/a><\/div>\n<\/div>\n<\/div>\n<\/div>\n\n\n\n<hr class=\"wp-block-separator has-text-color has-dark-gray-color has-css-opacity has-dark-gray-background-color has-background is-style-wide\"\/>\n\n\n\n<p style=\"font-size:24px\"><strong>Methodological Proposals and Critical Responses for the Study of Graffiti and Street Art<br>The project StreetArtCEI<\/strong><\/p>\n\n\n\n<p><span style=\"text-align: left;\">Autor: <\/span><strong>Clara Sarmento<\/strong><br>DOI: <a href=\"https:\/\/doi.org\/10.25765\/sauc.v6i2.240\" target=\"_blank\" rel=\"noopener\">https:\/\/doi.org\/10.25765\/sauc.v6i2.240<\/a><br>SAUC \u2013 Street Art &amp; Urban Creativity Scientific Journal, vol. 6, n\u00ba 2, December 2020 (pp. 24-45). ISSN 2183-3869, e-ISSN 2183-9956. Indexada na EBSCO, SCOPUS, NSD, DOAJ.<\/p>\n\n\n\n<div style=\"height:15px\" aria-hidden=\"true\" class=\"wp-block-spacer\"><\/div>\n\n\n\n<hr class=\"wp-block-separator has-text-color has-medium-gray-color has-alpha-channel-opacity has-medium-gray-background-color has-background is-style-wide\"\/>\n\n\n\n<p style=\"font-size:24px\"><strong>Arte urbana enquanto patrim\u00f3nio das cidades<\/strong><\/p>\n\n\n\n<p>Autor:<strong> Ricardo Campos<\/strong> \u2013 CICS.Nova, FCSH\/UNLisboa; Rede Luso-Brasileira de Pesquisa em Artes e Interven\u00e7\u00f5es Urbanas (R.A.I.U.) and CEI, P.Porto.<\/p>\n\n\n\n<div class=\"wp-block-buttons is-content-justification-left is-layout-flex wp-container-core-buttons-is-layout-45245d17 wp-block-buttons-is-layout-flex\">\n<div class=\"wp-block-button\"><a class=\"wp-block-button__link wp-element-button\" href=\"https:\/\/www.iscap.pt\/streeartcei\/wp-content\/uploads\/2017\/11\/01Arte-urbana-textp-porto-patrimonio-das-cidades.pdf\">PDf<\/a><\/div>\n<\/div>\n\n\n\n<div style=\"height:15px\" aria-hidden=\"true\" class=\"wp-block-spacer\"><\/div>\n\n\n\n<hr class=\"wp-block-separator has-text-color has-medium-gray-color has-alpha-channel-opacity has-medium-gray-background-color has-background is-style-wide\"\/>\n\n\n\n<p style=\"font-size:24px\"><strong>Do subterr\u00e2neo ao tur\u00edstico: Representa\u00e7\u00f5es e apropria\u00e7\u00f5es da arte urbana<\/strong><\/p>\n\n\n\n<p>Autor: <strong>\u00c1gata Sequeira <\/strong>\u2013 CICS.NOVA, FCSH\/UNLisboa.<\/p>\n\n\n\n<div class=\"wp-block-buttons is-content-justification-left is-layout-flex wp-container-core-buttons-is-layout-45245d17 wp-block-buttons-is-layout-flex\">\n<div class=\"wp-block-button\"><a class=\"wp-block-button__link wp-element-button\" href=\"https:\/\/www.iscap.pt\/streeartcei\/wp-content\/uploads\/2017\/11\/02_subterraneo-turistico-agata-sequeira.pdf\">PDF<\/a><\/div>\n<\/div>\n\n\n\n<div style=\"height:15px\" aria-hidden=\"true\" class=\"wp-block-spacer\"><\/div>\n\n\n\n<hr class=\"wp-block-separator has-text-color has-medium-gray-color has-alpha-channel-opacity has-medium-gray-background-color has-background is-style-wide\"\/>\n\n\n\n<p style=\"font-size:24px\"><strong>&#8220;Graffiti e street art: manifesta\u00e7\u00f5es est\u00e9ticas no Grande Porto&#8221;<\/strong><\/p>\n\n\n\n<p>Autor:<strong> Maria Lu\u00edsa Pinto da Fonseca Silva <\/strong>\u2013 Centro de Estudos Interculturais, Polit\u00e9cnico do Porto.<\/p>\n\n\n\n<div class=\"wp-block-buttons is-content-justification-left is-layout-flex wp-container-core-buttons-is-layout-45245d17 wp-block-buttons-is-layout-flex\">\n<div class=\"wp-block-button\"><a class=\"wp-block-button__link wp-element-button\" href=\"https:\/\/www.iscap.pt\/streeartcei\/wp-content\/uploads\/2017\/11\/Luisa_Sensos-E.pdf\">PDF<\/a><\/div>\n<\/div>\n\n\n\n<hr class=\"wp-block-separator has-text-color has-medium-gray-color has-alpha-channel-opacity has-medium-gray-background-color has-background is-style-wide\"\/>\n\n\n\n<p style=\"font-size:24px\"><strong>\u201cMapping Graffiti and Street Art: The construction of meaningful itineraries\u201d<\/strong><\/p>\n\n\n\n<p>Autor:<strong> Clara Sarmento <\/strong>\u2013 Centro de Estudos Interculturais, Polit\u00e9cnico do Porto.<\/p>\n\n\n\n<p><em>Repository. 49 Methods and Assignments for&nbsp;Writing&nbsp;Urban Places<\/em>, eds. Klaske Havik, Dalia Milian Bernal, Carlos Machado e Moura, Esteban Restrepo, Lorin Niculae, in conjunction with the EU COST Action CA18126&nbsp;Writing&nbsp;Urban Places.&nbsp;Rotterdam: nai010 Publishers, 2023 (pp. 106-9)<\/p>\n\n\n\n<div class=\"wp-block-buttons is-content-justification-left is-layout-flex wp-container-core-buttons-is-layout-45245d17 wp-block-buttons-is-layout-flex\">\n<div class=\"wp-block-button\"><a class=\"wp-block-button__link wp-element-button\" href=\"https:\/\/writingurbanplaces.eu\/repository-49-methods-and-assignments-for-writing-urban-places\/?fbclid=IwAR3i5zbOugRxfam4kEjJc1fKgLqULwzTFrDfZDxUK0eBmEEyIUqLRKAF7Fs\">PDF<\/a><\/div>\n<\/div>\n\n\n\n<hr class=\"wp-block-separator has-text-color has-medium-gray-color has-alpha-channel-opacity has-medium-gray-background-color has-background is-style-wide\"\/>\n\n\n\n<p style=\"font-size:24px\"><strong>\u201cThe StreetArtCEI project in Campanh\u00e3\u201d<\/strong><\/p>\n\n\n\n<p>Autor:<strong> Clara Sarmento <\/strong>\u2013 Centro de Estudos Interculturais, Polit\u00e9cnico do Porto.<\/p>\n\n\n\n<p><em>Writingplace: Journal for Architecture and Literature&nbsp;<\/em>n\u00ba 8 e 9, special issue \u201cWriting&nbsp;Urban Places. New Narratives for the European City\u201d, eds.&nbsp;Klaske Havik, Susana Oliveira, Jorge Mej\u00eda Hern\u00e1ndez e Holly Dal, section \u201cPorto \u2013 Campanh\u00e3. Stories from the City\u2019s Edge\u201d, coord.&nbsp;Carlos Machado e Moura e Eliana Sousa Santos, 2023, pp. 122-8.&nbsp;<\/p>\n\n\n\n<div class=\"wp-block-buttons is-content-justification-left is-layout-flex wp-container-core-buttons-is-layout-45245d17 wp-block-buttons-is-layout-flex\">\n<div class=\"wp-block-button\"><a class=\"wp-block-button__link wp-element-button\" href=\"https:\/\/journals.open.tudelft.nl\/writingplace\/issue\/current\">PDF<\/a><\/div>\n<\/div>\n\n\n\n<hr class=\"wp-block-separator has-text-color has-medium-gray-color has-alpha-channel-opacity has-medium-gray-background-color has-background is-style-wide\"\/>\n\n\n\n<p style=\"font-size:24px\"><strong>Popular and Visual Culture: Design, Circulation and Consumption<\/strong><\/p>\n\n\n\n<p>Autores: Clara Sarmento e Ricardo Campos<\/p>\n\n\n\n<div class=\"wp-block-columns is-layout-flex wp-container-core-columns-is-layout-9d6595d7 wp-block-columns-is-layout-flex\">\n<div class=\"wp-block-column is-layout-flow wp-block-column-is-layout-flow\">\n<p><br><img decoding=\"async\" src=\"https:\/\/www.iscap.pt\/streeartcei\/wp-content\/uploads\/2017\/11\/0126913_popular-and-visual-culture_300.jpeg\" alt=\"0126913 popular and visual culture 300\"><br><br><\/p>\n<\/div>\n\n\n\n<div class=\"wp-block-column is-layout-flow wp-block-column-is-layout-flow\">\n<p><strong>ISBN-13:<\/strong> 978-1-4438-6214-1<br><strong>ISBN-10:<\/strong> 1-4438-6214-2<br><strong>Data de publica\u00e7\u00e3o:<\/strong> 01\/09\/2014<br><strong>P\u00e1ginas \/ Tamanho:<\/strong> 325 \/ A5<br><\/p>\n\n\n\n<div class=\"wp-block-buttons is-layout-flex wp-block-buttons-is-layout-flex\">\n<div class=\"wp-block-button\"><a class=\"wp-block-button__link wp-element-button\" href=\"http:\/\/www.cambridgescholars.com\/popular-and-visual-culture\">Saiba Mais<\/a><\/div>\n<\/div>\n\n\n\n<div style=\"height:15px\" aria-hidden=\"true\" class=\"wp-block-spacer\"><\/div>\n\n\n\n<div class=\"wp-block-buttons is-layout-flex wp-block-buttons-is-layout-flex\">\n<div class=\"wp-block-button\"><a class=\"wp-block-button__link wp-element-button\" href=\"https:\/\/www.iscap.pt\/streeartcei\/wp-content\/uploads\/2017\/11\/PopularandVisualCultureSample.pdf\">PDF<\/a><\/div>\n<\/div>\n<\/div>\n<\/div>\n\n\n\n<hr class=\"wp-block-separator has-alpha-channel-opacity is-style-wide\"\/>\n\n\n\n<p style=\"font-size:24px\"><strong>\u201cFilling the gap\u201d &#8211; Um projeto social de graffiti e street art no Grande Porto (Disserta\u00e7\u00e3o de Mestrado)<\/strong><\/p>\n\n\n\n<p>Autor: Maria Lu\u00edsa Pinto da Fonseca Silva \u2013 Centro de Estudos Interculturais, Polit\u00e9cnico do Porto.<\/p>\n\n\n\n<div class=\"wp-block-buttons is-layout-flex wp-block-buttons-is-layout-flex\">\n<div class=\"wp-block-button\"><a class=\"wp-block-button__link wp-element-button\" href=\"https:\/\/www.iscap.pt\/streeartcei\/wp-content\/uploads\/2017\/11\/luisa_silva_MISB_2018_CEI.pdf\">PDF<\/a><\/div>\n<\/div>","protected":false},"excerpt":{"rendered":"<p>&#8220;Graffiti e street art: Revela\u00e7\u00f5es est\u00e9ticas durante a Pandemia. O Projeto Street Art Against COVID&#8221; Autor: Maria Lu\u00edsa Pinto da Fonseca Silva \u2013 Centro de Estudos Interculturais, Polit\u00e9cnico do Porto. DOI: https:\/\/parc.ipp.pt\/index.php\/e-rei\/issue\/view\/166E-REI &#8211; E-Revista de Estudos Interculturais, vol. 9, n\u00ba 1, Maio 2021. ISSN 2183-3869, ISSN 2182-6439. Indexada na Latindex, RCAAP, ERIHPLUS, NSD, Sherpa Romeo &hellip; <a href=\"https:\/\/streetartcei.com\/en\/investigacao-4\/\" class=\"more-link\">Continue reading<span class=\"screen-reader-text\"> &#8220;Publica\u00e7\u00f5es&#8221;<\/span><\/a><\/p>","protected":false},"author":1,"featured_media":0,"parent":0,"menu_order":2,"comment_status":"open","ping_status":"closed","template":"","meta":{"_monsterinsights_skip_tracking":false,"_monsterinsights_sitenote_active":false,"_monsterinsights_sitenote_note":"","_monsterinsights_sitenote_category":0,"footnotes":""},"class_list":["post-7383","page","type-page","status-publish","hentry"],"jetpack_sharing_enabled":true,"_links":{"self":[{"href":"https:\/\/streetartcei.com\/en\/wp-json\/wp\/v2\/pages\/7383","targetHints":{"allow":["GET"]}}],"collection":[{"href":"https:\/\/streetartcei.com\/en\/wp-json\/wp\/v2\/pages"}],"about":[{"href":"https:\/\/streetartcei.com\/en\/wp-json\/wp\/v2\/types\/page"}],"author":[{"embeddable":true,"href":"https:\/\/streetartcei.com\/en\/wp-json\/wp\/v2\/users\/1"}],"replies":[{"embeddable":true,"href":"https:\/\/streetartcei.com\/en\/wp-json\/wp\/v2\/comments?post=7383"}],"version-history":[{"count":16,"href":"https:\/\/streetartcei.com\/en\/wp-json\/wp\/v2\/pages\/7383\/revisions"}],"predecessor-version":[{"id":16706,"href":"https:\/\/streetartcei.com\/en\/wp-json\/wp\/v2\/pages\/7383\/revisions\/16706"}],"wp:attachment":[{"href":"https:\/\/streetartcei.com\/en\/wp-json\/wp\/v2\/media?parent=7383"}],"curies":[{"name":"wp","href":"https:\/\/api.w.org\/{rel}","templated":true}]}}