{"id":16021,"date":"2024-11-20T15:56:10","date_gmt":"2024-11-20T15:56:10","guid":{"rendered":"https:\/\/streetartcei.com\/?page_id=16021"},"modified":"2024-11-21T15:36:57","modified_gmt":"2024-11-21T15:36:57","slug":"streetart-against-covid","status":"publish","type":"page","link":"https:\/\/streetartcei.com\/en\/streetart-against-covid\/","title":{"rendered":"StreetArt Against COVID"},"content":{"rendered":"<div data-elementor-type=\"wp-page\" data-elementor-id=\"16021\" class=\"elementor elementor-16021\" data-elementor-post-type=\"page\">\n\t\t\t\t<div class=\"elementor-element elementor-element-cf44c7b e-flex e-con-boxed e-con e-parent\" data-id=\"cf44c7b\" data-element_type=\"container\" data-e-type=\"container\">\n\t\t\t\t\t<div class=\"e-con-inner\">\n\t\t\t\t<div class=\"elementor-element elementor-element-09c30d3 elementor-widget elementor-widget-image\" data-id=\"09c30d3\" data-element_type=\"widget\" data-e-type=\"widget\" data-widget_type=\"image.default\">\n\t\t\t\t<div class=\"elementor-widget-container\">\n\t\t\t\t\t\t\t\t\t\t\t\t\t\t\t<img fetchpriority=\"high\" decoding=\"async\" width=\"840\" height=\"139\" src=\"https:\/\/streetartcei.com\/wp-content\/uploads\/2017\/11\/street_art_covid_logo-1024x169.png\" class=\"attachment-large size-large wp-image-896\" alt=\"street art covid logo\" srcset=\"https:\/\/streetartcei.com\/wp-content\/uploads\/2017\/11\/street_art_covid_logo-1024x169.png 1024w, https:\/\/streetartcei.com\/wp-content\/uploads\/2017\/11\/street_art_covid_logo-300x50.png 300w, https:\/\/streetartcei.com\/wp-content\/uploads\/2017\/11\/street_art_covid_logo-768x127.png 768w, https:\/\/streetartcei.com\/wp-content\/uploads\/2017\/11\/street_art_covid_logo.png 1488w\" sizes=\"(max-width: 709px) 85vw, (max-width: 909px) 67vw, (max-width: 1362px) 62vw, 840px\" \/>\t\t\t\t\t\t\t\t\t\t\t\t\t\t\t<\/div>\n\t\t\t\t<\/div>\n\t\t\t\t\t<\/div>\n\t\t\t\t<\/div>\n\t\t<div class=\"elementor-element elementor-element-73d035d e-flex e-con-boxed e-con e-parent\" data-id=\"73d035d\" data-element_type=\"container\" data-e-type=\"container\">\n\t\t\t\t\t<div class=\"e-con-inner\">\n\t\t\t\t<div class=\"elementor-element elementor-element-18f2bb1 elementor-widget elementor-widget-text-editor\" data-id=\"18f2bb1\" data-element_type=\"widget\" data-e-type=\"widget\" data-widget_type=\"text-editor.default\">\n\t\t\t\t<div class=\"elementor-widget-container\">\n\t\t\t\t\t\t\t\t\t<p class=\"lead\"><i>O projeto Street Art Against Covid prop\u00f4s-se fazer o\u00a0<b>levantamento e a divulga\u00e7\u00e3o das obras de street art que surgiram no Porto durante os longos meses de confinamento e pandemia<\/b>. Street Art Against Covid d\u00e1 a conhecer a arte que continuou a ser criada nas ruas do Porto, provando que o potencial art\u00edstico e tur\u00edstico da cidade nunca esmoreceu.<\/i><\/p><p>Entre abril de 2020 e janeiro de 2022, os investigadores do projeto StreetArtCEI utilizaram a sua experi\u00eancia e m\u00e9todo de trabalho para catalogar os percursos da street art que haviam surgido nas ruas do Porto durante os confinamentos, bem como as obras que ilustravam a pr\u00f3pria crise pand\u00e9mica. Foi assim que nasceu o projeto spin-off\u00a0<strong>Street Art Against Covid<\/strong>, com a miss\u00e3o de mostrar que a street art n\u00e3o tinha deixado de se reinventar nas ruas do Porto.<\/p><p><strong>Street Art Against Covid<\/strong>\u00a0venceu a 3\u00aa fase do Pr\u00e9mio Santander Universit\u00e1rio UNI-COVID19, promovido pelo Banco Santander Totta, em resposta \u00e0 situa\u00e7\u00e3o de emerg\u00eancia provocada pela crise pand\u00e9mica, de modo a real\u00e7ar e apoiar as iniciativas com impacto social que a comunidade acad\u00e9mica desenvolve neste contexto adverso.<\/p><p><strong>Street Art Against Covid<\/strong>\u00a0foi tamb\u00e9m o tema da\u00a0<a href=\"https:\/\/www.iscap.pt\/cei\/zine-streetart-against-covid\/\">zine<\/a>\u00a0lan\u00e7ada em\u00a0setembro de 2021, numa edi\u00e7\u00e3o numerada\u00a0de 100 exemplares que re\u00fane\u00a0contributos de artistas, investigadores e jovens bolseiros de investiga\u00e7\u00e3o.<\/p>\t\t\t\t\t\t\t\t<\/div>\n\t\t\t\t<\/div>\n\t\t\t\t\t<\/div>\n\t\t\t\t<\/div>\n\t\t<div class=\"elementor-element elementor-element-84d9701 e-grid e-con-boxed e-con e-parent\" data-id=\"84d9701\" data-element_type=\"container\" data-e-type=\"container\" data-settings=\"{&quot;background_background&quot;:&quot;classic&quot;}\">\n\t\t\t\t\t<div class=\"e-con-inner\">\n\t\t\t\t<div class=\"elementor-element elementor-element-533ba45 elementor-cta--skin-classic elementor-animated-content elementor-bg-transform elementor-bg-transform-zoom-in elementor-widget elementor-widget-call-to-action\" data-id=\"533ba45\" data-element_type=\"widget\" data-e-type=\"widget\" data-widget_type=\"call-to-action.default\">\n\t\t\t\t<div class=\"elementor-widget-container\">\n\t\t\t\t\t\t\t<a class=\"elementor-cta\" href=\"https:\/\/streetartcei.com\/rota-do-sns-2\/\">\n\t\t\t\t\t\t\t<div class=\"elementor-cta__content\">\n\t\t\t\t\n\t\t\t\t\t\t\t\t\t<h2 class=\"elementor-cta__title elementor-cta__content-item elementor-content-item\">\n\t\t\t\t\t\tRota da Boavista \t\t\t\t\t<\/h2>\n\t\t\t\t\n\t\t\t\t\n\t\t\t\t\t\t\t<\/div>\n\t\t\t\t\t\t<\/a>\n\t\t\t\t\t\t<\/div>\n\t\t\t\t<\/div>\n\t\t\t\t<div class=\"elementor-element elementor-element-3ae437c elementor-cta--skin-classic elementor-animated-content elementor-bg-transform elementor-bg-transform-zoom-in elementor-widget elementor-widget-call-to-action\" data-id=\"3ae437c\" data-element_type=\"widget\" data-e-type=\"widget\" data-widget_type=\"call-to-action.default\">\n\t\t\t\t<div class=\"elementor-widget-container\">\n\t\t\t\t\t\t\t<a class=\"elementor-cta\" href=\"https:\/\/streetartcei.com\/rota-do-sns-2-2\/\">\n\t\t\t\t\t\t\t<div class=\"elementor-cta__content\">\n\t\t\t\t\n\t\t\t\t\t\t\t\t\t<h2 class=\"elementor-cta__title elementor-cta__content-item elementor-content-item\">\n\t\t\t\t\t\tRota do Centro Hist\u00f3rico \t\t\t\t\t<\/h2>\n\t\t\t\t\n\t\t\t\t\n\t\t\t\t\t\t\t<\/div>\n\t\t\t\t\t\t<\/a>\n\t\t\t\t\t\t<\/div>\n\t\t\t\t<\/div>\n\t\t\t\t<div class=\"elementor-element elementor-element-78ae4f6 elementor-cta--skin-classic elementor-animated-content elementor-bg-transform elementor-bg-transform-zoom-in elementor-widget elementor-widget-call-to-action\" data-id=\"78ae4f6\" data-element_type=\"widget\" data-e-type=\"widget\" data-widget_type=\"call-to-action.default\">\n\t\t\t\t<div class=\"elementor-widget-container\">\n\t\t\t\t\t\t\t<a class=\"elementor-cta\" href=\"https:\/\/streetartcei.com\/against-covid-rota-da-cidade-alta\/\">\n\t\t\t\t\t\t\t<div class=\"elementor-cta__content\">\n\t\t\t\t\n\t\t\t\t\t\t\t\t\t<h2 class=\"elementor-cta__title elementor-cta__content-item elementor-content-item\">\n\t\t\t\t\t\tRota da Cidade Alta\t\t\t\t\t<\/h2>\n\t\t\t\t\n\t\t\t\t\n\t\t\t\t\t\t\t<\/div>\n\t\t\t\t\t\t<\/a>\n\t\t\t\t\t\t<\/div>\n\t\t\t\t<\/div>\n\t\t\t\t<div class=\"elementor-element elementor-element-d04cacb elementor-cta--skin-classic elementor-animated-content elementor-bg-transform elementor-bg-transform-zoom-in elementor-widget elementor-widget-call-to-action\" data-id=\"d04cacb\" data-element_type=\"widget\" data-e-type=\"widget\" data-widget_type=\"call-to-action.default\">\n\t\t\t\t<div class=\"elementor-widget-container\">\n\t\t\t\t\t\t\t<a class=\"elementor-cta\" href=\"https:\/\/streetartcei.com\/against-covid-rota-do-porto-oriental\/\">\n\t\t\t\t\t\t\t<div class=\"elementor-cta__content\">\n\t\t\t\t\n\t\t\t\t\t\t\t\t\t<h2 class=\"elementor-cta__title elementor-cta__content-item elementor-content-item\">\n\t\t\t\t\t\tRota do Porto Oriental\t\t\t\t\t<\/h2>\n\t\t\t\t\n\t\t\t\t\n\t\t\t\t\t\t\t<\/div>\n\t\t\t\t\t\t<\/a>\n\t\t\t\t\t\t<\/div>\n\t\t\t\t<\/div>\n\t\t\t\t<div class=\"elementor-element elementor-element-8e814c1 elementor-cta--skin-classic elementor-animated-content elementor-bg-transform elementor-bg-transform-zoom-in elementor-widget elementor-widget-call-to-action\" data-id=\"8e814c1\" data-element_type=\"widget\" data-e-type=\"widget\" data-widget_type=\"call-to-action.default\">\n\t\t\t\t<div class=\"elementor-widget-container\">\n\t\t\t\t\t\t\t<a class=\"elementor-cta\" href=\"https:\/\/streetartcei.com\/against-covid-rota-do-rio-douro\/\">\n\t\t\t\t\t\t\t<div class=\"elementor-cta__content\">\n\t\t\t\t\n\t\t\t\t\t\t\t\t\t<h2 class=\"elementor-cta__title elementor-cta__content-item elementor-content-item\">\n\t\t\t\t\t\tRota do Rio Douro\t\t\t\t\t<\/h2>\n\t\t\t\t\n\t\t\t\t\n\t\t\t\t\t\t\t<\/div>\n\t\t\t\t\t\t<\/a>\n\t\t\t\t\t\t<\/div>\n\t\t\t\t<\/div>\n\t\t\t\t<div class=\"elementor-element elementor-element-a6f22c7 elementor-cta--skin-classic elementor-animated-content elementor-bg-transform elementor-bg-transform-zoom-in elementor-widget elementor-widget-call-to-action\" data-id=\"a6f22c7\" data-element_type=\"widget\" data-e-type=\"widget\" data-widget_type=\"call-to-action.default\">\n\t\t\t\t<div class=\"elementor-widget-container\">\n\t\t\t\t\t\t\t<a class=\"elementor-cta\" href=\"https:\/\/streetartcei.com\/against-covid-rota-de-matosinhos\/\">\n\t\t\t\t\t\t\t<div class=\"elementor-cta__content\">\n\t\t\t\t\n\t\t\t\t\t\t\t\t\t<h2 class=\"elementor-cta__title elementor-cta__content-item elementor-content-item\">\n\t\t\t\t\t\tMatosinhos Route\t\t\t\t\t<\/h2>\n\t\t\t\t\n\t\t\t\t\n\t\t\t\t\t\t\t<\/div>\n\t\t\t\t\t\t<\/a>\n\t\t\t\t\t\t<\/div>\n\t\t\t\t<\/div>\n\t\t\t\t<div class=\"elementor-element elementor-element-980f1d6 elementor-cta--skin-classic elementor-animated-content elementor-bg-transform elementor-bg-transform-zoom-in elementor-widget elementor-widget-call-to-action\" data-id=\"980f1d6\" data-element_type=\"widget\" data-e-type=\"widget\" data-widget_type=\"call-to-action.default\">\n\t\t\t\t<div class=\"elementor-widget-container\">\n\t\t\t\t\t\t\t<a class=\"elementor-cta\" href=\"https:\/\/streetartcei.com\/rota-do-sns\/\">\n\t\t\t\t\t\t\t<div class=\"elementor-cta__content\">\n\t\t\t\t\n\t\t\t\t\t\t\t\t\t<h2 class=\"elementor-cta__title elementor-cta__content-item elementor-content-item\">\n\t\t\t\t\t\tRota do SNS\t\t\t\t\t<\/h2>\n\t\t\t\t\n\t\t\t\t\n\t\t\t\t\t\t\t<\/div>\n\t\t\t\t\t\t<\/a>\n\t\t\t\t\t\t<\/div>\n\t\t\t\t<\/div>\n\t\t\t\t\t<\/div>\n\t\t\t\t<\/div>\n\t\t\t\t<\/div>","protected":false},"excerpt":{"rendered":"<p>O projeto Street Art Against Covid prop\u00f4s-se fazer o\u00a0levantamento e a divulga\u00e7\u00e3o das obras de street art que surgiram no Porto durante os longos meses de confinamento e pandemia. Street Art Against Covid d\u00e1 a conhecer a arte que continuou a ser criada nas ruas do Porto, provando que o potencial art\u00edstico e tur\u00edstico da &hellip; <a href=\"https:\/\/streetartcei.com\/en\/streetart-against-covid\/\" class=\"more-link\">Continue reading<span class=\"screen-reader-text\"> &#8220;StreetArt Against COVID&#8221;<\/span><\/a><\/p>","protected":false},"author":1,"featured_media":0,"parent":0,"menu_order":0,"comment_status":"closed","ping_status":"closed","template":"","meta":{"_monsterinsights_skip_tracking":false,"_monsterinsights_sitenote_active":false,"_monsterinsights_sitenote_note":"","_monsterinsights_sitenote_category":0,"footnotes":""},"class_list":["post-16021","page","type-page","status-publish","hentry"],"jetpack_sharing_enabled":true,"_links":{"self":[{"href":"https:\/\/streetartcei.com\/en\/wp-json\/wp\/v2\/pages\/16021","targetHints":{"allow":["GET"]}}],"collection":[{"href":"https:\/\/streetartcei.com\/en\/wp-json\/wp\/v2\/pages"}],"about":[{"href":"https:\/\/streetartcei.com\/en\/wp-json\/wp\/v2\/types\/page"}],"author":[{"embeddable":true,"href":"https:\/\/streetartcei.com\/en\/wp-json\/wp\/v2\/users\/1"}],"replies":[{"embeddable":true,"href":"https:\/\/streetartcei.com\/en\/wp-json\/wp\/v2\/comments?post=16021"}],"version-history":[{"count":17,"href":"https:\/\/streetartcei.com\/en\/wp-json\/wp\/v2\/pages\/16021\/revisions"}],"predecessor-version":[{"id":16170,"href":"https:\/\/streetartcei.com\/en\/wp-json\/wp\/v2\/pages\/16021\/revisions\/16170"}],"wp:attachment":[{"href":"https:\/\/streetartcei.com\/en\/wp-json\/wp\/v2\/media?parent=16021"}],"curies":[{"name":"wp","href":"https:\/\/api.w.org\/{rel}","templated":true}]}}