{"id":14451,"date":"2024-10-03T16:27:16","date_gmt":"2024-10-03T16:27:16","guid":{"rendered":"https:\/\/www.iscap.pt\/streeartcei\/?page_id=14451"},"modified":"2024-11-20T13:25:29","modified_gmt":"2024-11-20T13:25:29","slug":"portoscript-find-your-north","status":"publish","type":"page","link":"https:\/\/streetartcei.com\/en\/portoscript-find-your-north\/","title":{"rendered":"PORTOSCRIPT: FIND YOUR NORTH"},"content":{"rendered":"<div data-elementor-type=\"wp-page\" data-elementor-id=\"14451\" class=\"elementor elementor-14451\" data-elementor-post-type=\"page\">\n\t\t\t\t<div class=\"elementor-element elementor-element-be17443 e-flex e-con-boxed e-con e-parent\" data-id=\"be17443\" data-element_type=\"container\" data-e-type=\"container\">\n\t\t\t\t\t<div class=\"e-con-inner\">\n\t\t\t\t<div class=\"elementor-element elementor-element-3336f71 elementor-widget elementor-widget-icon-box\" data-id=\"3336f71\" data-element_type=\"widget\" data-e-type=\"widget\" data-widget_type=\"icon-box.default\">\n\t\t\t\t<div class=\"elementor-widget-container\">\n\t\t\t\t\t\t\t<div class=\"elementor-icon-box-wrapper\">\n\n\t\t\t\n\t\t\t\t\t\t<div class=\"elementor-icon-box-content\">\n\n\t\t\t\t\t\t\t\t\t<h3 class=\"elementor-icon-box-title\">\n\t\t\t\t\t\t<span  >\n\t\t\t\t\t\t\tA VISUAL AND LINGUISTIC STREET ART AND GRAFFITI RESEARCH PROJECT OVERVIEW\t\t\t\t\t\t<\/span>\n\t\t\t\t\t<\/h3>\n\t\t\t\t\n\t\t\t\t\t\t\t\t\t<p class=\"elementor-icon-box-description\">\n\t\t\t\t\t\tFerramenta de design pr\u00e1tico desenvolvida para uma experi\u00eancia melhorada para o viajante urbano - um conjunto de cart\u00f5es de graffiti e arte urbana.\n\nPor Laura Prikule da Universidade da Let\u00f3nia. \t\t\t\t\t<\/p>\n\t\t\t\t\n\t\t\t<\/div>\n\t\t\t\n\t\t<\/div>\n\t\t\t\t\t\t<\/div>\n\t\t\t\t<\/div>\n\t\t\t\t\t<\/div>\n\t\t\t\t<\/div>\n\t\t<div class=\"elementor-element elementor-element-29012a2 e-grid e-con-boxed e-con e-parent\" data-id=\"29012a2\" data-element_type=\"container\" data-e-type=\"container\">\n\t\t\t\t\t<div class=\"e-con-inner\">\n\t\t\t\t<div class=\"elementor-element elementor-element-9c57a3d elementor-cta--skin-classic elementor-animated-content elementor-bg-transform elementor-bg-transform-zoom-in elementor-widget elementor-widget-call-to-action\" data-id=\"9c57a3d\" data-element_type=\"widget\" data-e-type=\"widget\" data-widget_type=\"call-to-action.default\">\n\t\t\t\t<div class=\"elementor-widget-container\">\n\t\t\t\t\t\t\t<div class=\"elementor-cta\">\n\t\t\t\t\t\t\t<div class=\"elementor-cta__content\">\n\t\t\t\t\t\t\t\t\t<div class=\"elementor-content-item elementor-cta__content-item elementor-icon-wrapper elementor-cta__icon elementor-view-default\">\n\t\t\t\t\t\t<div class=\"elementor-icon\">\n\t\t\t\t\t\t\t<svg aria-hidden=\"true\" class=\"e-font-icon-svg e-fas-star\" viewbox=\"0 0 576 512\" xmlns=\"http:\/\/www.w3.org\/2000\/svg\"><path d=\"M259.3 17.8L194 150.2 47.9 171.5c-26.2 3.8-36.7 36.1-17.7 54.6l105.7 103-25 145.5c-4.5 26.3 23.2 46 46.4 33.7L288 439.6l130.7 68.7c23.2 12.2 50.9-7.4 46.4-33.7l-25-145.5 105.7-103c19-18.5 8.5-50.8-17.7-54.6L382 150.2 316.7 17.8c-11.7-23.6-45.6-23.9-57.4 0z\"><\/path><\/svg>\t\t\t\t\t\t<\/div>\n\t\t\t\t\t<\/div>\n\t\t\t\t\n\t\t\t\t\t\t\t\t\t<h2 class=\"elementor-cta__title elementor-cta__content-item elementor-content-item\">\n\t\t\t\t\t\tSobre o Projeto\t\t\t\t\t<\/h2>\n\t\t\t\t\n\t\t\t\t\n\t\t\t\t\t\t\t\t\t<div class=\"elementor-cta__button-wrapper elementor-cta__content-item elementor-content-item\">\n\t\t\t\t\t<a class=\"elementor-cta__button elementor-button elementor-size-\" href=\"https:\/\/www.iscap.pt\/streeartcei\/wp-content\/uploads\/2024\/10\/PROJECT-OVERVIEWFV2Powered-by-MaxAIPowered-by-MaxAI-compressed-1.pdf\" target=\"_blank\">\n\t\t\t\t\t\tPDF\t\t\t\t\t<\/a>\n\t\t\t\t\t<\/div>\n\t\t\t\t\t\t\t<\/div>\n\t\t\t\t\t\t<\/div>\n\t\t\t\t\t\t<\/div>\n\t\t\t\t<\/div>\n\t\t\t\t<div class=\"elementor-element elementor-element-cac55d9 elementor-cta--skin-classic elementor-animated-content elementor-bg-transform elementor-bg-transform-zoom-in elementor-widget elementor-widget-call-to-action\" data-id=\"cac55d9\" data-element_type=\"widget\" data-e-type=\"widget\" data-widget_type=\"call-to-action.default\">\n\t\t\t\t<div class=\"elementor-widget-container\">\n\t\t\t\t\t\t\t<div class=\"elementor-cta\">\n\t\t\t\t\t\t\t<div class=\"elementor-cta__content\">\n\t\t\t\t\t\t\t\t\t<div class=\"elementor-content-item elementor-cta__content-item elementor-icon-wrapper elementor-cta__icon elementor-view-default\">\n\t\t\t\t\t\t<div class=\"elementor-icon\">\n\t\t\t\t\t\t\t<svg aria-hidden=\"true\" class=\"e-font-icon-svg e-far-list-alt\" viewbox=\"0 0 512 512\" xmlns=\"http:\/\/www.w3.org\/2000\/svg\"><path d=\"M464 32H48C21.49 32 0 53.49 0 80v352c0 26.51 21.49 48 48 48h416c26.51 0 48-21.49 48-48V80c0-26.51-21.49-48-48-48zm-6 400H54a6 6 0 0 1-6-6V86a6 6 0 0 1 6-6h404a6 6 0 0 1 6 6v340a6 6 0 0 1-6 6zm-42-92v24c0 6.627-5.373 12-12 12H204c-6.627 0-12-5.373-12-12v-24c0-6.627 5.373-12 12-12h200c6.627 0 12 5.373 12 12zm0-96v24c0 6.627-5.373 12-12 12H204c-6.627 0-12-5.373-12-12v-24c0-6.627 5.373-12 12-12h200c6.627 0 12 5.373 12 12zm0-96v24c0 6.627-5.373 12-12 12H204c-6.627 0-12-5.373-12-12v-24c0-6.627 5.373-12 12-12h200c6.627 0 12 5.373 12 12zm-252 12c0 19.882-16.118 36-36 36s-36-16.118-36-36 16.118-36 36-36 36 16.118 36 36zm0 96c0 19.882-16.118 36-36 36s-36-16.118-36-36 16.118-36 36-36 36 16.118 36 36zm0 96c0 19.882-16.118 36-36 36s-36-16.118-36-36 16.118-36 36-36 36 16.118 36 36z\"><\/path><\/svg>\t\t\t\t\t\t<\/div>\n\t\t\t\t\t<\/div>\n\t\t\t\t\n\t\t\t\t\t\t\t\t\t<h2 class=\"elementor-cta__title elementor-cta__content-item elementor-content-item\">\n\t\t\t\t\t\tConjunto de Cart\u00f5es\t\t\t\t\t<\/h2>\n\t\t\t\t\n\t\t\t\t\n\t\t\t\t\t\t\t\t\t<div class=\"elementor-cta__button-wrapper elementor-cta__content-item elementor-content-item\">\n\t\t\t\t\t<a class=\"elementor-cta__button elementor-button elementor-size-\" href=\"https:\/\/www.iscap.pt\/streeartcei\/wp-content\/uploads\/2024\/10\/AZ-alphabet6S-versPPowered-by-MaxAI-compressed.pdf\">\n\t\t\t\t\t\tPDF\t\t\t\t\t<\/a>\n\t\t\t\t\t<\/div>\n\t\t\t\t\t\t\t<\/div>\n\t\t\t\t\t\t<\/div>\n\t\t\t\t\t\t<\/div>\n\t\t\t\t<\/div>\n\t\t\t\t\t<\/div>\n\t\t\t\t<\/div>\n\t\t\t\t<\/div>","protected":false},"excerpt":{"rendered":"<p>A VISUAL AND LINGUISTIC STREET ART AND GRAFFITI RESEARCH PROJECT OVERVIEW Ferramenta de design pr\u00e1tico desenvolvida para uma experi\u00eancia melhorada para o viajante urbano &#8211; um conjunto de cart\u00f5es de graffiti e arte urbana. Por Laura Prikule da Universidade da Let\u00f3nia. Sobre o Projeto PDF Conjunto de Cart\u00f5es PDF<\/p>","protected":false},"author":1,"featured_media":0,"parent":0,"menu_order":0,"comment_status":"closed","ping_status":"closed","template":"","meta":{"_monsterinsights_skip_tracking":false,"_monsterinsights_sitenote_active":false,"_monsterinsights_sitenote_note":"","_monsterinsights_sitenote_category":0,"footnotes":""},"class_list":["post-14451","page","type-page","status-publish","hentry"],"jetpack_sharing_enabled":true,"_links":{"self":[{"href":"https:\/\/streetartcei.com\/en\/wp-json\/wp\/v2\/pages\/14451","targetHints":{"allow":["GET"]}}],"collection":[{"href":"https:\/\/streetartcei.com\/en\/wp-json\/wp\/v2\/pages"}],"about":[{"href":"https:\/\/streetartcei.com\/en\/wp-json\/wp\/v2\/types\/page"}],"author":[{"embeddable":true,"href":"https:\/\/streetartcei.com\/en\/wp-json\/wp\/v2\/users\/1"}],"replies":[{"embeddable":true,"href":"https:\/\/streetartcei.com\/en\/wp-json\/wp\/v2\/comments?post=14451"}],"version-history":[{"count":7,"href":"https:\/\/streetartcei.com\/en\/wp-json\/wp\/v2\/pages\/14451\/revisions"}],"predecessor-version":[{"id":15999,"href":"https:\/\/streetartcei.com\/en\/wp-json\/wp\/v2\/pages\/14451\/revisions\/15999"}],"wp:attachment":[{"href":"https:\/\/streetartcei.com\/en\/wp-json\/wp\/v2\/media?parent=14451"}],"curies":[{"name":"wp","href":"https:\/\/api.w.org\/{rel}","templated":true}]}}