{"id":14386,"date":"2024-09-12T15:49:44","date_gmt":"2024-09-12T15:49:44","guid":{"rendered":"https:\/\/www.iscap.pt\/streeartcei\/?page_id=14386"},"modified":"2024-11-20T18:46:21","modified_gmt":"2024-11-20T18:46:21","slug":"rota-campanha","status":"publish","type":"page","link":"https:\/\/streetartcei.com\/en\/rotas\/porto\/rota-campanha\/","title":{"rendered":"Campanh\u00e3 Route"},"content":{"rendered":"<div data-elementor-type=\"wp-page\" data-elementor-id=\"14386\" class=\"elementor elementor-14386\" data-elementor-post-type=\"page\">\n\t\t\t\t<div class=\"elementor-element elementor-element-617a717 e-flex e-con-boxed e-con e-parent\" data-id=\"617a717\" data-element_type=\"container\" data-e-type=\"container\">\n\t\t\t\t\t<div class=\"e-con-inner\">\n\t\t\t\t<div class=\"elementor-element elementor-element-7c1688e elementor-widget elementor-widget-html\" data-id=\"7c1688e\" data-element_type=\"widget\" data-e-type=\"widget\" data-widget_type=\"html.default\">\n\t\t\t\t<div class=\"elementor-widget-container\">\n\t\t\t\t\t<iframe src=\"https:\/\/www.google.com\/maps\/d\/u\/8\/embed?mid=186V0GymiryixXP1v79m5Umd9ZWKhRA0&ehbc=2E312F\" width=\"640\" height=\"480\"><\/iframe>\t\t\t\t<\/div>\n\t\t\t\t<\/div>\n\t\t\t\t\t<\/div>\n\t\t\t\t<\/div>\n\t\t<div class=\"elementor-element elementor-element-d5fde46 e-flex e-con-boxed e-con e-parent\" data-id=\"d5fde46\" data-element_type=\"container\" data-e-type=\"container\">\n\t\t\t\t\t<div class=\"e-con-inner\">\n\t\t\t\t<div class=\"elementor-element elementor-element-05f3342 elementor-widget elementor-widget-spacer\" data-id=\"05f3342\" data-element_type=\"widget\" data-e-type=\"widget\" data-widget_type=\"spacer.default\">\n\t\t\t\t<div class=\"elementor-widget-container\">\n\t\t\t\t\t\t\t<div class=\"elementor-spacer\">\n\t\t\t<div class=\"elementor-spacer-inner\"><\/div>\n\t\t<\/div>\n\t\t\t\t\t\t<\/div>\n\t\t\t\t<\/div>\n\t\t\t\t\t<\/div>\n\t\t\t\t<\/div>\n\t\t<div class=\"elementor-element elementor-element-d298085 e-grid e-con-boxed e-con e-parent\" data-id=\"d298085\" data-element_type=\"container\" data-e-type=\"container\">\n\t\t\t\t\t<div class=\"e-con-inner\">\n\t\t\t\t<div class=\"elementor-element elementor-element-5b9cdae elementor-widget elementor-widget-heading\" data-id=\"5b9cdae\" data-element_type=\"widget\" data-e-type=\"widget\" data-widget_type=\"heading.default\">\n\t\t\t\t<div class=\"elementor-widget-container\">\n\t\t\t\t\t<h2 class=\"elementor-heading-title elementor-size-default\">Map 1<\/h2>\t\t\t\t<\/div>\n\t\t\t\t<\/div>\n\t\t\t\t<div class=\"elementor-element elementor-element-53ba1ec elementor-widget elementor-widget-heading\" data-id=\"53ba1ec\" data-element_type=\"widget\" data-e-type=\"widget\" data-widget_type=\"heading.default\">\n\t\t\t\t<div class=\"elementor-widget-container\">\n\t\t\t\t\t<h2 class=\"elementor-heading-title elementor-size-default\">Map 2<\/h2>\t\t\t\t<\/div>\n\t\t\t\t<\/div>\n\t\t\t\t\t<\/div>\n\t\t\t\t<\/div>\n\t\t<div class=\"elementor-element elementor-element-e1eb123 e-grid e-con-boxed e-con e-parent\" data-id=\"e1eb123\" data-element_type=\"container\" data-e-type=\"container\">\n\t\t\t\t\t<div class=\"e-con-inner\">\n\t\t\t\t<div class=\"elementor-element elementor-element-fcbb931 elementor-grid-1 elementor-grid-tablet-2 elementor-grid-mobile-1 elementor-posts--thumbnail-top elementor-widget elementor-widget-posts\" data-id=\"fcbb931\" data-element_type=\"widget\" data-e-type=\"widget\" data-settings=\"{&quot;pagination_type&quot;:&quot;numbers&quot;,&quot;classic_columns&quot;:&quot;1&quot;,&quot;classic_columns_tablet&quot;:&quot;2&quot;,&quot;classic_columns_mobile&quot;:&quot;1&quot;,&quot;classic_row_gap&quot;:{&quot;unit&quot;:&quot;px&quot;,&quot;size&quot;:35,&quot;sizes&quot;:[]},&quot;classic_row_gap_tablet&quot;:{&quot;unit&quot;:&quot;px&quot;,&quot;size&quot;:&quot;&quot;,&quot;sizes&quot;:[]},&quot;classic_row_gap_mobile&quot;:{&quot;unit&quot;:&quot;px&quot;,&quot;size&quot;:&quot;&quot;,&quot;sizes&quot;:[]}}\" data-widget_type=\"posts.classic\">\n\t\t\t\t<div class=\"elementor-widget-container\">\n\t\t\t\t\t\t\t<div class=\"elementor-posts-container elementor-posts elementor-posts--skin-classic elementor-grid\" role=\"list\">\n\t\t\t\t<article class=\"elementor-post elementor-grid-item post-14211 post type-post status-publish format-standard hentry category-rota-de-campanha tag-mapa1\" role=\"listitem\">\n\t\t\t\t<div class=\"elementor-post__text\">\n\t\t\t\t<h3 class=\"elementor-post__title\">\n\t\t\t<a href=\"https:\/\/streetartcei.com\/en\/rota-de-campanha-rua-pinheiro-de-campanha\/\" target=\"&quot;_blank&quot;\">\n\t\t\t\tRua Pinheiro de Campanh\u00e3\t\t\t<\/a>\n\t\t<\/h3>\n\t\t\t\t<\/div>\n\t\t\t\t<\/article>\n\t\t\t\t<article class=\"elementor-post elementor-grid-item post-14217 post type-post status-publish format-standard hentry category-rota-de-campanha tag-mapa1\" role=\"listitem\">\n\t\t\t\t<div class=\"elementor-post__text\">\n\t\t\t\t<h3 class=\"elementor-post__title\">\n\t\t\t<a href=\"https:\/\/streetartcei.com\/en\/rota-de-campanha-rua-do-freixo\/\" target=\"&quot;_blank&quot;\">\n\t\t\t\tRua do Freixo\t\t\t<\/a>\n\t\t<\/h3>\n\t\t\t\t<\/div>\n\t\t\t\t<\/article>\n\t\t\t\t<article class=\"elementor-post elementor-grid-item post-14218 post type-post status-publish format-standard hentry category-rota-de-campanha tag-mapa1\" role=\"listitem\">\n\t\t\t\t<div class=\"elementor-post__text\">\n\t\t\t\t<h3 class=\"elementor-post__title\">\n\t\t\t<a href=\"https:\/\/streetartcei.com\/en\/rota-de-campanha-rua-esteiro-de-campanha\/\" target=\"&quot;_blank&quot;\">\n\t\t\t\tRua Esteiro de Campanh\u00e3\t\t\t<\/a>\n\t\t<\/h3>\n\t\t\t\t<\/div>\n\t\t\t\t<\/article>\n\t\t\t\t<article class=\"elementor-post elementor-grid-item post-14219 post type-post status-publish format-standard hentry category-rota-de-campanha tag-mapa1\" role=\"listitem\">\n\t\t\t\t<div class=\"elementor-post__text\">\n\t\t\t\t<h3 class=\"elementor-post__title\">\n\t\t\t<a href=\"https:\/\/streetartcei.com\/en\/rota-de-campanha-rua-igreja-de-campanha\/\" target=\"&quot;_blank&quot;\">\n\t\t\t\tRua Igreja de Campanh\u00e3\t\t\t<\/a>\n\t\t<\/h3>\n\t\t\t\t<\/div>\n\t\t\t\t<\/article>\n\t\t\t\t<article class=\"elementor-post elementor-grid-item post-14220 post type-post status-publish format-standard hentry category-rota-de-campanha tag-mapa1\" role=\"listitem\">\n\t\t\t\t<div class=\"elementor-post__text\">\n\t\t\t\t<h3 class=\"elementor-post__title\">\n\t\t\t<a href=\"https:\/\/streetartcei.com\/en\/rota-de-campanha-travessa-de-bonjoia\/\" target=\"&quot;_blank&quot;\">\n\t\t\t\tTravessa de Bonj\u00f3ia\t\t\t<\/a>\n\t\t<\/h3>\n\t\t\t\t<\/div>\n\t\t\t\t<\/article>\n\t\t\t\t<article class=\"elementor-post elementor-grid-item post-919 post type-post status-publish format-standard hentry category-rota-de-campanha tag-mapa1\" role=\"listitem\">\n\t\t\t\t<div class=\"elementor-post__text\">\n\t\t\t\t<h3 class=\"elementor-post__title\">\n\t\t\t<a href=\"https:\/\/streetartcei.com\/en\/rota-do-dragao-avenida-25-de-abril\/\" target=\"&quot;_blank&quot;\">\n\t\t\t\tAvenida 25 de Abril\t\t\t<\/a>\n\t\t<\/h3>\n\t\t\t\t<\/div>\n\t\t\t\t<\/article>\n\t\t\t\t<article class=\"elementor-post elementor-grid-item post-14287 post type-post status-publish format-standard hentry category-rota-de-campanha tag-mapa1\" role=\"listitem\">\n\t\t\t\t<div class=\"elementor-post__text\">\n\t\t\t\t<h3 class=\"elementor-post__title\">\n\t\t\t<a href=\"https:\/\/streetartcei.com\/en\/rota-de-campanha-rua-do-monte-da-estacao\/\" target=\"&quot;_blank&quot;\">\n\t\t\t\tRua do Monte da Esta\u00e7\u00e3o\t\t\t<\/a>\n\t\t<\/h3>\n\t\t\t\t<\/div>\n\t\t\t\t<\/article>\n\t\t\t\t<article class=\"elementor-post elementor-grid-item post-407 post type-post status-publish format-standard hentry category-rota-de-campanha tag-mapa1\" role=\"listitem\">\n\t\t\t\t<div class=\"elementor-post__text\">\n\t\t\t\t<h3 class=\"elementor-post__title\">\n\t\t\t<a href=\"https:\/\/streetartcei.com\/en\/rota-do-dragao-rua-de-justino-teixeira\/\" target=\"&quot;_blank&quot;\">\n\t\t\t\tRua de Justino Teixeira\t\t\t<\/a>\n\t\t<\/h3>\n\t\t\t\t<\/div>\n\t\t\t\t<\/article>\n\t\t\t\t<article class=\"elementor-post elementor-grid-item post-14221 post type-post status-publish format-standard hentry category-rota-de-campanha tag-mapa1\" role=\"listitem\">\n\t\t\t\t<div class=\"elementor-post__text\">\n\t\t\t\t<h3 class=\"elementor-post__title\">\n\t\t\t<a href=\"https:\/\/streetartcei.com\/en\/rota-de-campanha-fabrica-da-rua-de-justino-teixeira\/\" target=\"&quot;_blank&quot;\">\n\t\t\t\tF\u00e1brica da Rua de Justino Teixeira\t\t\t<\/a>\n\t\t<\/h3>\n\t\t\t\t<\/div>\n\t\t\t\t<\/article>\n\t\t\t\t<article class=\"elementor-post elementor-grid-item post-14222 post type-post status-publish format-standard hentry category-rota-de-campanha tag-mapa1\" role=\"listitem\">\n\t\t\t\t<div class=\"elementor-post__text\">\n\t\t\t\t<h3 class=\"elementor-post__title\">\n\t\t\t<a href=\"https:\/\/streetartcei.com\/en\/rota-de-campanha-escola-basica-ramalho-ortigao\/\" target=\"&quot;_blank&quot;\">\n\t\t\t\tEscola B\u00e1sica Ramalho Ortig\u00e3o\t\t\t<\/a>\n\t\t<\/h3>\n\t\t\t\t<\/div>\n\t\t\t\t<\/article>\n\t\t\t\t<article class=\"elementor-post elementor-grid-item post-14192 post type-post status-publish format-standard hentry category-rota-de-campanha tag-mapa1\" role=\"listitem\">\n\t\t\t\t<div class=\"elementor-post__text\">\n\t\t\t\t<h3 class=\"elementor-post__title\">\n\t\t\t<a href=\"https:\/\/streetartcei.com\/en\/rota-de-campanha-rua-de-s-rosendo\/\" target=\"&quot;_blank&quot;\">\n\t\t\t\tRua de S. Rosendo\t\t\t<\/a>\n\t\t<\/h3>\n\t\t\t\t<\/div>\n\t\t\t\t<\/article>\n\t\t\t\t<article class=\"elementor-post elementor-grid-item post-408 post type-post status-publish format-standard hentry category-rota-de-campanha tag-mapa1\" role=\"listitem\">\n\t\t\t\t<div class=\"elementor-post__text\">\n\t\t\t\t<h3 class=\"elementor-post__title\">\n\t\t\t<a href=\"https:\/\/streetartcei.com\/en\/rota-do-dragao-rua-de-pinto-bessa\/\" target=\"&quot;_blank&quot;\">\n\t\t\t\tRua de Pinto Bessa\t\t\t<\/a>\n\t\t<\/h3>\n\t\t\t\t<\/div>\n\t\t\t\t<\/article>\n\t\t\t\t<article class=\"elementor-post elementor-grid-item post-371 post type-post status-publish format-standard hentry category-rota-de-campanha tag-mapa1\" role=\"listitem\">\n\t\t\t\t<div class=\"elementor-post__text\">\n\t\t\t\t<h3 class=\"elementor-post__title\">\n\t\t\t<a href=\"https:\/\/streetartcei.com\/en\/rota-do-dragao-estacao-de-campanha\/\" target=\"&quot;_blank&quot;\">\n\t\t\t\tEsta\u00e7\u00e3o de Campanh\u00e3\t\t\t<\/a>\n\t\t<\/h3>\n\t\t\t\t<\/div>\n\t\t\t\t<\/article>\n\t\t\t\t<\/div>\n\t\t\n\t\t\t\t\t\t<\/div>\n\t\t\t\t<\/div>\n\t\t\t\t<div class=\"elementor-element elementor-element-c66352c elementor-grid-1 elementor-grid-tablet-2 elementor-grid-mobile-1 elementor-posts--thumbnail-top elementor-widget elementor-widget-posts\" data-id=\"c66352c\" data-element_type=\"widget\" data-e-type=\"widget\" data-settings=\"{&quot;pagination_type&quot;:&quot;numbers&quot;,&quot;classic_columns&quot;:&quot;1&quot;,&quot;classic_columns_tablet&quot;:&quot;2&quot;,&quot;classic_columns_mobile&quot;:&quot;1&quot;,&quot;classic_row_gap&quot;:{&quot;unit&quot;:&quot;px&quot;,&quot;size&quot;:35,&quot;sizes&quot;:[]},&quot;classic_row_gap_tablet&quot;:{&quot;unit&quot;:&quot;px&quot;,&quot;size&quot;:&quot;&quot;,&quot;sizes&quot;:[]},&quot;classic_row_gap_mobile&quot;:{&quot;unit&quot;:&quot;px&quot;,&quot;size&quot;:&quot;&quot;,&quot;sizes&quot;:[]}}\" data-widget_type=\"posts.classic\">\n\t\t\t\t<div class=\"elementor-widget-container\">\n\t\t\t\t\t\t\t<div class=\"elementor-posts-container elementor-posts elementor-posts--skin-classic elementor-grid\" role=\"list\">\n\t\t\t\t<article class=\"elementor-post elementor-grid-item post-409 post type-post status-publish format-standard hentry category-rota-de-campanha tag-mapa2\" role=\"listitem\">\n\t\t\t\t<div class=\"elementor-post__text\">\n\t\t\t\t<h3 class=\"elementor-post__title\">\n\t\t\t<a href=\"https:\/\/streetartcei.com\/en\/rota-de-campanha-rua-do-bonfim\/\" target=\"&quot;_blank&quot;\">\n\t\t\t\tRua do Bonfim\t\t\t<\/a>\n\t\t<\/h3>\n\t\t\t\t<\/div>\n\t\t\t\t<\/article>\n\t\t\t\t<article class=\"elementor-post elementor-grid-item post-410 post type-post status-publish format-standard hentry category-rota-de-campanha tag-mapa2\" role=\"listitem\">\n\t\t\t\t<div class=\"elementor-post__text\">\n\t\t\t\t<h3 class=\"elementor-post__title\">\n\t\t\t<a href=\"https:\/\/streetartcei.com\/en\/rota-de-campanha-avenida-de-camilo\/\" target=\"&quot;_blank&quot;\">\n\t\t\t\tAvenida de Camilo\t\t\t<\/a>\n\t\t<\/h3>\n\t\t\t\t<\/div>\n\t\t\t\t<\/article>\n\t\t\t\t<article class=\"elementor-post elementor-grid-item post-411 post type-post status-publish format-standard hentry category-rota-de-campanha tag-mapa2\" role=\"listitem\">\n\t\t\t\t<div class=\"elementor-post__text\">\n\t\t\t\t<h3 class=\"elementor-post__title\">\n\t\t\t<a href=\"https:\/\/streetartcei.com\/en\/rota-de-campanha-rua-antonio-carneiro\/\" target=\"&quot;_blank&quot;\">\n\t\t\t\tRua Ant\u00f3nio Carneiro\t\t\t<\/a>\n\t\t<\/h3>\n\t\t\t\t<\/div>\n\t\t\t\t<\/article>\n\t\t\t\t<article class=\"elementor-post elementor-grid-item post-991 post type-post status-publish format-standard hentry category-rota-de-campanha tag-mapa2\" role=\"listitem\">\n\t\t\t\t<div class=\"elementor-post__text\">\n\t\t\t\t<h3 class=\"elementor-post__title\">\n\t\t\t<a href=\"https:\/\/streetartcei.com\/en\/rota-do-dragao-rua-do-bom-retiro\/\" target=\"&quot;_blank&quot;\">\n\t\t\t\tRua do Bom Retiro\t\t\t<\/a>\n\t\t<\/h3>\n\t\t\t\t<\/div>\n\t\t\t\t<\/article>\n\t\t\t\t<article class=\"elementor-post elementor-grid-item post-412 post type-post status-publish format-standard hentry category-rota-de-campanha tag-mapa2\" role=\"listitem\">\n\t\t\t\t<div class=\"elementor-post__text\">\n\t\t\t\t<h3 class=\"elementor-post__title\">\n\t\t\t<a href=\"https:\/\/streetartcei.com\/en\/rota-de-campanha-rua-do-heroismo\/\" target=\"&quot;_blank&quot;\">\n\t\t\t\tRua do Hero\u00edsmo\t\t\t<\/a>\n\t\t<\/h3>\n\t\t\t\t<\/div>\n\t\t\t\t<\/article>\n\t\t\t\t<article class=\"elementor-post elementor-grid-item post-1130 post type-post status-publish format-standard hentry category-rota-de-campanha tag-mapa2\" role=\"listitem\">\n\t\t\t\t<div class=\"elementor-post__text\">\n\t\t\t\t<h3 class=\"elementor-post__title\">\n\t\t\t<a href=\"https:\/\/streetartcei.com\/en\/rota-do-dragao-centro-cultural-stop\/\" target=\"&quot;_blank&quot;\">\n\t\t\t\tC.C. Stop\t\t\t<\/a>\n\t\t<\/h3>\n\t\t\t\t<\/div>\n\t\t\t\t<\/article>\n\t\t\t\t<article class=\"elementor-post elementor-grid-item post-413 post type-post status-publish format-standard hentry category-rota-de-campanha tag-mapa2\" role=\"listitem\">\n\t\t\t\t<div class=\"elementor-post__text\">\n\t\t\t\t<h3 class=\"elementor-post__title\">\n\t\t\t<a href=\"https:\/\/streetartcei.com\/en\/rota-de-campanha-rua-do-padre-antonio-vieira\/\" target=\"&quot;_blank&quot;\">\n\t\t\t\tRua do Padre Ant\u00f3nio Vieira\t\t\t<\/a>\n\t\t<\/h3>\n\t\t\t\t<\/div>\n\t\t\t\t<\/article>\n\t\t\t\t<article class=\"elementor-post elementor-grid-item post-959 post type-post status-publish format-standard hentry category-rota-de-campanha tag-mapa2\" role=\"listitem\">\n\t\t\t\t<div class=\"elementor-post__text\">\n\t\t\t\t<h3 class=\"elementor-post__title\">\n\t\t\t<a href=\"https:\/\/streetartcei.com\/en\/rota-do-dragao-rua-do-barao-de-nova-sintra\/\" target=\"&quot;_blank&quot;\">\n\t\t\t\tRua do Bar\u00e3o de Nova Sintra\t\t\t<\/a>\n\t\t<\/h3>\n\t\t\t\t<\/div>\n\t\t\t\t<\/article>\n\t\t\t\t<article class=\"elementor-post elementor-grid-item post-990 post type-post status-publish format-standard hentry category-rota-de-campanha tag-mapa2\" role=\"listitem\">\n\t\t\t\t<div class=\"elementor-post__text\">\n\t\t\t\t<h3 class=\"elementor-post__title\">\n\t\t\t<a href=\"https:\/\/streetartcei.com\/en\/rota-de-campanha-parque-das-aguas\/\" target=\"&quot;_blank&quot;\">\n\t\t\t\tParque das \u00c1guas\t\t\t<\/a>\n\t\t<\/h3>\n\t\t\t\t<\/div>\n\t\t\t\t<\/article>\n\t\t\t\t<article class=\"elementor-post elementor-grid-item post-960 post type-post status-publish format-standard hentry category-rota-de-campanha tag-mapa2\" role=\"listitem\">\n\t\t\t\t<div class=\"elementor-post__text\">\n\t\t\t\t<h3 class=\"elementor-post__title\">\n\t\t\t<a href=\"https:\/\/streetartcei.com\/en\/rota-de-campanha-ramal-da-alfandega-linha-ferrea-desativada\/\" target=\"&quot;_blank&quot;\">\n\t\t\t\tRamal da Alf\u00e2ndega (linha f\u00e9rrea desativada)\t\t\t<\/a>\n\t\t<\/h3>\n\t\t\t\t<\/div>\n\t\t\t\t<\/article>\n\t\t\t\t<\/div>\n\t\t\n\t\t\t\t\t\t<\/div>\n\t\t\t\t<\/div>\n\t\t\t\t\t<\/div>\n\t\t\t\t<\/div>\n\t\t\t\t<\/div>","protected":false},"excerpt":{"rendered":"<p>Mapa 1 Mapa 2<\/p>","protected":false},"author":1,"featured_media":0,"parent":9109,"menu_order":0,"comment_status":"closed","ping_status":"closed","template":"","meta":{"_monsterinsights_skip_tracking":false,"_monsterinsights_sitenote_active":false,"_monsterinsights_sitenote_note":"","_monsterinsights_sitenote_category":0,"footnotes":""},"class_list":["post-14386","page","type-page","status-publish","hentry"],"jetpack_sharing_enabled":true,"_links":{"self":[{"href":"https:\/\/streetartcei.com\/en\/wp-json\/wp\/v2\/pages\/14386","targetHints":{"allow":["GET"]}}],"collection":[{"href":"https:\/\/streetartcei.com\/en\/wp-json\/wp\/v2\/pages"}],"about":[{"href":"https:\/\/streetartcei.com\/en\/wp-json\/wp\/v2\/types\/page"}],"author":[{"embeddable":true,"href":"https:\/\/streetartcei.com\/en\/wp-json\/wp\/v2\/users\/1"}],"replies":[{"embeddable":true,"href":"https:\/\/streetartcei.com\/en\/wp-json\/wp\/v2\/comments?post=14386"}],"version-history":[{"count":16,"href":"https:\/\/streetartcei.com\/en\/wp-json\/wp\/v2\/pages\/14386\/revisions"}],"predecessor-version":[{"id":16113,"href":"https:\/\/streetartcei.com\/en\/wp-json\/wp\/v2\/pages\/14386\/revisions\/16113"}],"up":[{"embeddable":true,"href":"https:\/\/streetartcei.com\/en\/wp-json\/wp\/v2\/pages\/9109"}],"wp:attachment":[{"href":"https:\/\/streetartcei.com\/en\/wp-json\/wp\/v2\/media?parent=14386"}],"curies":[{"name":"wp","href":"https:\/\/api.w.org\/{rel}","templated":true}]}}